{"id":1932,"date":"2019-01-30T13:27:04","date_gmt":"2019-01-30T20:27:04","guid":{"rendered":"https:\/\/www.dansifuentes.com\/?page_id=1932"},"modified":"2024-08-26T20:27:16","modified_gmt":"2024-08-27T02:27:16","slug":"home","status":"publish","type":"page","link":"https:\/\/www.dansifuentes.com\/en\/","title":{"rendered":"HomeTest"},"content":{"rendered":"<div data-elementor-type=\"wp-post\" data-elementor-id=\"1932\" class=\"elementor elementor-1932\">\n\t\t\t\t\t\t<div class=\"elementor-inner\">\n\t\t\t\t<div class=\"elementor-section-wrap\">\n\t\t\t\t\t\t\t\t\t<section class=\"has_eae_slider elementor-section elementor-top-section elementor-element elementor-element-b44c212 elementor-section-full_width elementor-section-height-full elementor-section-items-stretch elementor-section-content-middle elementor-section-stretched elementor-section-height-default\" data-id=\"b44c212\" data-element_type=\"section\" data-settings=\"{&quot;background_background&quot;:&quot;classic&quot;,&quot;stretch_section&quot;:&quot;section-stretched&quot;}\">\n\t\t\t\t\t\t\t<div class=\"elementor-background-overlay\"><\/div>\n\t\t\t\t\t\t\t<div class=\"elementor-container elementor-column-gap-default\">\n\t\t\t\t\t\t\t<div class=\"elementor-row\">\n\t\t\t\t\t<div class=\"has_eae_slider elementor-column elementor-col-50 elementor-top-column elementor-element elementor-element-0a440b2\" data-id=\"0a440b2\" data-element_type=\"column\">\n\t\t\t<div class=\"elementor-column-wrap\">\n\t\t\t\t\t\t\t<div class=\"elementor-widget-wrap\">\n\t\t\t\t\t\t\t\t<\/div>\n\t\t\t\t\t<\/div>\n\t\t<\/div>\n\t\t\t\t<div class=\"has_eae_slider elementor-column elementor-col-50 elementor-top-column elementor-element elementor-element-5150b5d\" data-id=\"5150b5d\" data-element_type=\"column\" data-settings=\"{&quot;background_background&quot;:&quot;classic&quot;}\">\n\t\t\t<div class=\"elementor-column-wrap elementor-element-populated\">\n\t\t\t\t\t\t\t<div class=\"elementor-widget-wrap\">\n\t\t\t\t\t\t<div class=\"elementor-element elementor-element-d1bca31 elementor-widget elementor-widget-heading\" data-id=\"d1bca31\" data-element_type=\"widget\" data-widget_type=\"heading.default\">\n\t\t\t\t<div class=\"elementor-widget-container\">\n\t\t\t<h4 class=\"elementor-heading-title elementor-size-large\">Dan Sifuentes<\/h4>\t\t<\/div>\n\t\t\t\t<\/div>\n\t\t\t\t<div class=\"elementor-element elementor-element-9486502 elementor-widget-divider--view-line elementor-widget elementor-widget-divider\" data-id=\"9486502\" data-element_type=\"widget\" data-widget_type=\"divider.default\">\n\t\t\t\t<div class=\"elementor-widget-container\">\n\t\t\t\t\t<div class=\"elementor-divider\">\n\t\t\t<span class=\"elementor-divider-separator\">\n\t\t\t\t\t\t<\/span>\n\t\t<\/div>\n\t\t\t\t<\/div>\n\t\t\t\t<\/div>\n\t\t\t\t<div class=\"elementor-element elementor-element-55664c2 elementor-widget elementor-widget-text-editor\" data-id=\"55664c2\" data-element_type=\"widget\" data-widget_type=\"text-editor.default\">\n\t\t\t\t<div class=\"elementor-widget-container\">\n\t\t\t\t\t\t\t\t<div class=\"elementor-text-editor elementor-clearfix\">\n\t\t\t\t<p>Dan Sifuentes is an international speaker and motivator with more than 20 years of experience in the professional field.<\/p>\t\t\t\t\t<\/div>\n\t\t\t\t\t\t<\/div>\n\t\t\t\t<\/div>\n\t\t\t\t\t\t<\/div>\n\t\t\t\t\t<\/div>\n\t\t<\/div>\n\t\t\t\t\t\t\t\t<\/div>\n\t\t\t\t\t<\/div>\n\t\t<\/section>\n\t\t\t\t<section class=\"has_eae_slider elementor-section elementor-top-section elementor-element elementor-element-9d47cac elementor-section-boxed elementor-section-height-default elementor-section-height-default\" data-id=\"9d47cac\" data-element_type=\"section\">\n\t\t\t\t\t\t<div class=\"elementor-container elementor-column-gap-default\">\n\t\t\t\t\t\t\t<div class=\"elementor-row\">\n\t\t\t\t\t<div class=\"has_eae_slider elementor-column elementor-col-100 elementor-top-column elementor-element elementor-element-d1ef288\" data-id=\"d1ef288\" data-element_type=\"column\">\n\t\t\t<div class=\"elementor-column-wrap elementor-element-populated\">\n\t\t\t\t\t\t\t<div class=\"elementor-widget-wrap\">\n\t\t\t\t\t\t<div class=\"elementor-element elementor-element-0a3b3d1 elementor-widget elementor-widget-image\" data-id=\"0a3b3d1\" data-element_type=\"widget\" data-widget_type=\"image.default\">\n\t\t\t\t<div class=\"elementor-widget-container\">\n\t\t\t\t\t\t\t\t<div class=\"elementor-image\">\n\t\t\t\t\t\t\t\t\t\t\t\t<img decoding=\"async\" width=\"225\" height=\"225\" src=\"https:\/\/www.dansifuentes.com\/wp-content\/uploads\/2024\/08\/logoDan.png\" class=\"attachment-large size-large wp-image-2917\" alt=\"\" loading=\"lazy\" srcset=\"https:\/\/www.dansifuentes.com\/wp-content\/uploads\/2024\/08\/logoDan.png 225w, https:\/\/www.dansifuentes.com\/wp-content\/uploads\/2024\/08\/logoDan-150x150.png 150w, https:\/\/www.dansifuentes.com\/wp-content\/uploads\/2024\/08\/logoDan-12x12.png 12w\" sizes=\"(max-width: 225px) 100vw, 225px\" \/>\t\t\t\t\t\t\t\t\t\t\t\t\t\t<\/div>\n\t\t\t\t\t\t<\/div>\n\t\t\t\t<\/div>\n\t\t\t\t\t\t<\/div>\n\t\t\t\t\t<\/div>\n\t\t<\/div>\n\t\t\t\t\t\t\t\t<\/div>\n\t\t\t\t\t<\/div>\n\t\t<\/section>\n\t\t\t\t<section class=\"has_eae_slider elementor-section elementor-top-section elementor-element elementor-element-ad277cc elementor-section-boxed elementor-section-height-default elementor-section-height-default\" data-id=\"ad277cc\" data-element_type=\"section\" data-settings=\"{&quot;background_background&quot;:&quot;gradient&quot;}\">\n\t\t\t\t\t\t<div class=\"elementor-container elementor-column-gap-default\">\n\t\t\t\t\t\t\t<div class=\"elementor-row\">\n\t\t\t\t\t<div class=\"has_eae_slider elementor-column elementor-col-66 elementor-top-column elementor-element elementor-element-b091c97\" data-id=\"b091c97\" data-element_type=\"column\">\n\t\t\t<div class=\"elementor-column-wrap elementor-element-populated\">\n\t\t\t\t\t\t\t<div class=\"elementor-widget-wrap\">\n\t\t\t\t\t\t<div class=\"elementor-element elementor-element-2d26477 elementor-widget elementor-widget-video\" data-id=\"2d26477\" data-element_type=\"widget\" data-settings=\"{&quot;youtube_url&quot;:&quot;https:\\\/\\\/www.youtube.com\\\/watch?v=jc5wFF36nuU&quot;,&quot;autoplay&quot;:&quot;yes&quot;,&quot;video_type&quot;:&quot;youtube&quot;,&quot;controls&quot;:&quot;yes&quot;}\" data-widget_type=\"video.default\">\n\t\t\t\t<div class=\"elementor-widget-container\">\n\t\t\t\t\t<div class=\"elementor-wrapper elementor-open-inline\">\n\t\t\t<div class=\"elementor-video\"><\/div>\t\t<\/div>\n\t\t\t\t<\/div>\n\t\t\t\t<\/div>\n\t\t\t\t\t\t<\/div>\n\t\t\t\t\t<\/div>\n\t\t<\/div>\n\t\t\t\t<div class=\"has_eae_slider elementor-column elementor-col-33 elementor-top-column elementor-element elementor-element-3eb4630\" data-id=\"3eb4630\" data-element_type=\"column\" data-settings=\"{&quot;background_background&quot;:&quot;classic&quot;}\">\n\t\t\t<div class=\"elementor-column-wrap elementor-element-populated\">\n\t\t\t\t\t\t\t<div class=\"elementor-widget-wrap\">\n\t\t\t\t\t\t<div class=\"elementor-element elementor-element-3e35599 elementor-widget-divider--view-line elementor-widget elementor-widget-divider\" data-id=\"3e35599\" data-element_type=\"widget\" data-widget_type=\"divider.default\">\n\t\t\t\t<div class=\"elementor-widget-container\">\n\t\t\t\t\t<div class=\"elementor-divider\">\n\t\t\t<span class=\"elementor-divider-separator\">\n\t\t\t\t\t\t<\/span>\n\t\t<\/div>\n\t\t\t\t<\/div>\n\t\t\t\t<\/div>\n\t\t\t\t<div class=\"elementor-element elementor-element-4ea40b3 elementor-widget elementor-widget-button\" data-id=\"4ea40b3\" data-element_type=\"widget\" data-widget_type=\"button.default\">\n\t\t\t\t<div class=\"elementor-widget-container\">\n\t\t\t\t\t<div class=\"elementor-button-wrapper\">\n\t\t\t<a href=\"https:\/\/www.dansifuentes.com\/en\/events\/\" class=\"elementor-button-link elementor-button elementor-size-sm\" role=\"button\">\n\t\t\t\t\t\t<span class=\"elementor-button-content-wrapper\">\n\t\t\t\t\t\t\t<span class=\"elementor-button-icon elementor-align-icon-right\">\n\t\t\t\t<i aria-hidden=\"true\" class=\"fas fa-angle-right\"><\/i>\t\t\t<\/span>\n\t\t\t\t\t\t<span class=\"elementor-button-text\">Attend one of my events<\/span>\n\t\t<\/span>\n\t\t\t\t\t<\/a>\n\t\t<\/div>\n\t\t\t\t<\/div>\n\t\t\t\t<\/div>\n\t\t\t\t<div class=\"elementor-element elementor-element-5636152 elementor-widget elementor-widget-button\" data-id=\"5636152\" data-element_type=\"widget\" data-widget_type=\"button.default\">\n\t\t\t\t<div class=\"elementor-widget-container\">\n\t\t\t\t\t<div class=\"elementor-button-wrapper\">\n\t\t\t<a href=\"https:\/\/www.dansifuentes.com\/en\/about-me\/\" class=\"elementor-button-link elementor-button elementor-size-sm\" role=\"button\">\n\t\t\t\t\t\t<span class=\"elementor-button-content-wrapper\">\n\t\t\t\t\t\t\t<span class=\"elementor-button-icon elementor-align-icon-right\">\n\t\t\t\t<i aria-hidden=\"true\" class=\"fas fa-angle-right\"><\/i>\t\t\t<\/span>\n\t\t\t\t\t\t<span class=\"elementor-button-text\">Learn more abour me<\/span>\n\t\t<\/span>\n\t\t\t\t\t<\/a>\n\t\t<\/div>\n\t\t\t\t<\/div>\n\t\t\t\t<\/div>\n\t\t\t\t<div class=\"elementor-element elementor-element-bd55ee2 elementor-widget elementor-widget-button\" data-id=\"bd55ee2\" data-element_type=\"widget\" data-widget_type=\"button.default\">\n\t\t\t\t<div class=\"elementor-widget-container\">\n\t\t\t\t\t<div class=\"elementor-button-wrapper\">\n\t\t\t<a href=\"https:\/\/www.dansifuentes.com\/en\/services\/\" class=\"elementor-button-link elementor-button elementor-size-sm\" role=\"button\">\n\t\t\t\t\t\t<span class=\"elementor-button-content-wrapper\">\n\t\t\t\t\t\t\t<span class=\"elementor-button-icon elementor-align-icon-right\">\n\t\t\t\t<i aria-hidden=\"true\" class=\"fas fa-angle-right\"><\/i>\t\t\t<\/span>\n\t\t\t\t\t\t<span class=\"elementor-button-text\">Learn more about my services<\/span>\n\t\t<\/span>\n\t\t\t\t\t<\/a>\n\t\t<\/div>\n\t\t\t\t<\/div>\n\t\t\t\t<\/div>\n\t\t\t\t<div class=\"elementor-element elementor-element-091016a elementor-align-left elementor-widget elementor-widget-button\" data-id=\"091016a\" data-element_type=\"widget\" data-widget_type=\"button.default\">\n\t\t\t\t<div class=\"elementor-widget-container\">\n\t\t\t\t\t<div class=\"elementor-button-wrapper\">\n\t\t\t<a href=\"https:\/\/www.dansifuentes.com\/en\/cancer-como-ayudar\/\" class=\"elementor-button-link elementor-button elementor-size-sm\" role=\"button\">\n\t\t\t\t\t\t<span class=\"elementor-button-content-wrapper\">\n\t\t\t\t\t\t\t<span class=\"elementor-button-icon elementor-align-icon-right\">\n\t\t\t\t<i aria-hidden=\"true\" class=\"fas fa-angle-right\"><\/i>\t\t\t<\/span>\n\t\t\t\t\t\t<span class=\"elementor-button-text\">C\u00e1ncer, How to help?<\/span>\n\t\t<\/span>\n\t\t\t\t\t<\/a>\n\t\t<\/div>\n\t\t\t\t<\/div>\n\t\t\t\t<\/div>\n\t\t\t\t<div class=\"elementor-element elementor-element-a4ad353 elementor-widget elementor-widget-button\" data-id=\"a4ad353\" data-element_type=\"widget\" data-widget_type=\"button.default\">\n\t\t\t\t<div class=\"elementor-widget-container\">\n\t\t\t\t\t<div class=\"elementor-button-wrapper\">\n\t\t\t<a href=\"https:\/\/www.dansifuentes.com\/en\/video\/\" class=\"elementor-button-link elementor-button elementor-size-sm\" role=\"button\">\n\t\t\t\t\t\t<span class=\"elementor-button-content-wrapper\">\n\t\t\t\t\t\t\t<span class=\"elementor-button-icon elementor-align-icon-right\">\n\t\t\t\t<i aria-hidden=\"true\" class=\"fas fa-angle-right\"><\/i>\t\t\t<\/span>\n\t\t\t\t\t\t<span class=\"elementor-button-text\">Watch my videos<\/span>\n\t\t<\/span>\n\t\t\t\t\t<\/a>\n\t\t<\/div>\n\t\t\t\t<\/div>\n\t\t\t\t<\/div>\n\t\t\t\t\t\t<\/div>\n\t\t\t\t\t<\/div>\n\t\t<\/div>\n\t\t\t\t\t\t\t\t<\/div>\n\t\t\t\t\t<\/div>\n\t\t<\/section>\n\t\t\t\t<section class=\"has_eae_slider elementor-section elementor-top-section elementor-element elementor-element-67e098fa elementor-section-height-min-height elementor-section-boxed elementor-section-height-default elementor-section-items-middle\" data-id=\"67e098fa\" data-element_type=\"section\" data-settings=\"{&quot;background_background&quot;:&quot;video&quot;,&quot;background_video_link&quot;:&quot;https:\\\/\\\/www.youtube.com\\\/watch?v=ynkKL3R0rhc&quot;}\">\n\t\t\t\t\t\t\t\t<div class=\"elementor-background-video-container elementor-hidden-phone\">\n\t\t\t\t\t\t\t\t\t\t\t\t\t<div class=\"elementor-background-video-embed\"><\/div>\n\t\t\t\t\t\t\t\t\t\t\t\t<\/div>\n\t\t\t\t\t\t\t\t\t<div class=\"elementor-background-overlay\"><\/div>\n\t\t\t\t\t\t\t<div class=\"elementor-container elementor-column-gap-default\">\n\t\t\t\t\t\t\t<div class=\"elementor-row\">\n\t\t\t\t\t<div class=\"has_eae_slider elementor-column elementor-col-100 elementor-top-column elementor-element elementor-element-5e09f890\" data-id=\"5e09f890\" data-element_type=\"column\">\n\t\t\t<div class=\"elementor-column-wrap elementor-element-populated\">\n\t\t\t\t\t\t\t<div class=\"elementor-widget-wrap\">\n\t\t\t\t\t\t<div class=\"elementor-element elementor-element-192cdbac elementor-widget elementor-widget-text-editor\" data-id=\"192cdbac\" data-element_type=\"widget\" data-widget_type=\"text-editor.default\">\n\t\t\t\t<div class=\"elementor-widget-container\">\n\t\t\t\t\t\t\t\t<div class=\"elementor-text-editor elementor-clearfix\">\n\t\t\t\t<h2 class=\"elementor-heading-title elementor-size-large elementor-inline-editing pen\" contenteditable=\"true\" data-elementor-setting-key=\"title\" data-pen-placeholder=\"Type Here...\"><span style=\"vertical-align: inherit;\"><span style=\"vertical-align: inherit;\">\u201cSi vas a dudar de algo, que sea de tus limites.\u201d<\/span><\/span><\/h2>\t\t\t\t\t<\/div>\n\t\t\t\t\t\t<\/div>\n\t\t\t\t<\/div>\n\t\t\t\t\t\t<\/div>\n\t\t\t\t\t<\/div>\n\t\t<\/div>\n\t\t\t\t\t\t\t\t<\/div>\n\t\t\t\t\t<\/div>\n\t\t<\/section>\n\t\t\t\t\t\t\t\t\t<\/div>\n\t\t\t<\/div>\n\t\t\t\t\t<\/div>","protected":false},"excerpt":{"rendered":"<p>Dan Sifuentes Dan Sifuentes es un conferencista y motivador internacional con m\u00e1s de 20 a\u00f1os de experiencia en el \u00e1mbito profesional. Asiste a uno de mis eventos Aprende mas sobre mi Aprende mas de mis servicios C\u00e1ncer, \u00bfC\u00f3mo ayudar? Ve mis videos \u201cSi vas a dudar de algo, que sea de tus limites.\u201d<\/p>","protected":false},"author":1,"featured_media":0,"parent":0,"menu_order":0,"comment_status":"closed","ping_status":"closed","template":"elementor_header_footer","meta":[],"yoast_head":"<!-- This site is optimized with the Yoast SEO plugin v20.1 - https:\/\/yoast.com\/wordpress\/plugins\/seo\/ -->\n<title>HomeTest - DAN SIFUENTES<\/title>\n<meta name=\"robots\" content=\"index, follow, max-snippet:-1, max-image-preview:large, max-video-preview:-1\" \/>\n<link rel=\"canonical\" href=\"https:\/\/www.dansifuentes.com\/en\/\" \/>\n<meta property=\"og:locale\" content=\"en_US\" \/>\n<meta property=\"og:type\" content=\"article\" \/>\n<meta property=\"og:title\" content=\"HomeTest - DAN SIFUENTES\" \/>\n<meta property=\"og:description\" content=\"Dan Sifuentes Dan Sifuentes es un conferencista y motivador internacional con m\u00e1s de 20 a\u00f1os de experiencia en el \u00e1mbito profesional. Asiste a uno de mis eventos Aprende mas sobre mi Aprende mas de mis servicios C\u00e1ncer, \u00bfC\u00f3mo ayudar? Ve mis videos \u201cSi vas a dudar de algo, que sea de tus limites.\u201d\" \/>\n<meta property=\"og:url\" content=\"https:\/\/www.dansifuentes.com\/en\/\" \/>\n<meta property=\"og:site_name\" content=\"DAN SIFUENTES\" \/>\n<meta property=\"article:publisher\" content=\"https:\/\/www.facebook.com\/DanSifuentesOficial\" \/>\n<meta property=\"article:modified_time\" content=\"2024-08-27T02:27:16+00:00\" \/>\n<meta property=\"og:image\" content=\"https:\/\/www.dansifuentes.com\/wp-content\/uploads\/2024\/08\/logoDan.png\" \/>\n<meta name=\"twitter:card\" content=\"summary_large_image\" \/>\n<meta name=\"twitter:site\" content=\"@LimiteYo\" \/>\n<meta name=\"twitter:label1\" content=\"Est. reading time\" \/>\n\t<meta name=\"twitter:data1\" content=\"1 minute\" \/>\n<script type=\"application\/ld+json\" class=\"yoast-schema-graph\">{\"@context\":\"https:\/\/schema.org\",\"@graph\":[{\"@type\":\"WebPage\",\"@id\":\"https:\/\/www.dansifuentes.com\/\",\"url\":\"https:\/\/www.dansifuentes.com\/\",\"name\":\"HomeTest - DAN SIFUENTES\",\"isPartOf\":{\"@id\":\"https:\/\/www.dansifuentes.com\/#website\"},\"datePublished\":\"2019-01-30T20:27:04+00:00\",\"dateModified\":\"2024-08-27T02:27:16+00:00\",\"breadcrumb\":{\"@id\":\"https:\/\/www.dansifuentes.com\/#breadcrumb\"},\"inLanguage\":\"en-US\",\"potentialAction\":[{\"@type\":\"ReadAction\",\"target\":[\"https:\/\/www.dansifuentes.com\/\"]}]},{\"@type\":\"BreadcrumbList\",\"@id\":\"https:\/\/www.dansifuentes.com\/#breadcrumb\",\"itemListElement\":[{\"@type\":\"ListItem\",\"position\":1,\"name\":\"Home\",\"item\":\"https:\/\/www.dansifuentes.com\/\"},{\"@type\":\"ListItem\",\"position\":2,\"name\":\"HomeTest\"}]},{\"@type\":\"WebSite\",\"@id\":\"https:\/\/www.dansifuentes.com\/#website\",\"url\":\"https:\/\/www.dansifuentes.com\/\",\"name\":\"DAN SIFUENTES\",\"description\":\"Motivador Profesional\",\"publisher\":{\"@id\":\"https:\/\/www.dansifuentes.com\/#organization\"},\"potentialAction\":[{\"@type\":\"SearchAction\",\"target\":{\"@type\":\"EntryPoint\",\"urlTemplate\":\"https:\/\/www.dansifuentes.com\/?s={search_term_string}\"},\"query-input\":\"required name=search_term_string\"}],\"inLanguage\":\"en-US\"},{\"@type\":\"Organization\",\"@id\":\"https:\/\/www.dansifuentes.com\/#organization\",\"name\":\"DAN SIFUENTES\",\"url\":\"https:\/\/www.dansifuentes.com\/\",\"logo\":{\"@type\":\"ImageObject\",\"inLanguage\":\"en-US\",\"@id\":\"https:\/\/www.dansifuentes.com\/#\/schema\/logo\/image\/\",\"url\":\"https:\/\/www.dansifuentes.com\/wp-content\/uploads\/2021\/08\/DAN123.png\",\"contentUrl\":\"https:\/\/www.dansifuentes.com\/wp-content\/uploads\/2021\/08\/DAN123.png\",\"width\":1080,\"height\":1080,\"caption\":\"DAN SIFUENTES\"},\"image\":{\"@id\":\"https:\/\/www.dansifuentes.com\/#\/schema\/logo\/image\/\"},\"sameAs\":[\"https:\/\/www.facebook.com\/DanSifuentesOficial\",\"https:\/\/twitter.com\/LimiteYo\",\"https:\/\/www.tiktok.com\/@dansifuentes1\",\"https:\/\/www.youtube.com\/@dansifuentesoficial9329\",\"https:\/\/www.linkedin.com\/in\/dan-sifuentes-11306b13\/recent-activity\/\",\"https:\/\/www.instagram.com\/dansifuentes1\/\"]}]}<\/script>\n<!-- \/ Yoast SEO plugin. -->","yoast_head_json":{"title":"HomeTest - DAN SIFUENTES","robots":{"index":"index","follow":"follow","max-snippet":"max-snippet:-1","max-image-preview":"max-image-preview:large","max-video-preview":"max-video-preview:-1"},"canonical":"https:\/\/www.dansifuentes.com\/en\/","og_locale":"en_US","og_type":"article","og_title":"HomeTest - DAN SIFUENTES","og_description":"Dan Sifuentes Dan Sifuentes es un conferencista y motivador internacional con m\u00e1s de 20 a\u00f1os de experiencia en el \u00e1mbito profesional. Asiste a uno de mis eventos Aprende mas sobre mi Aprende mas de mis servicios C\u00e1ncer, \u00bfC\u00f3mo ayudar? Ve mis videos \u201cSi vas a dudar de algo, que sea de tus limites.\u201d","og_url":"https:\/\/www.dansifuentes.com\/en\/","og_site_name":"DAN SIFUENTES","article_publisher":"https:\/\/www.facebook.com\/DanSifuentesOficial","article_modified_time":"2024-08-27T02:27:16+00:00","og_image":[{"url":"https:\/\/www.dansifuentes.com\/wp-content\/uploads\/2024\/08\/logoDan.png"}],"twitter_card":"summary_large_image","twitter_site":"@LimiteYo","twitter_misc":{"Est. reading time":"1 minute"},"schema":{"@context":"https:\/\/schema.org","@graph":[{"@type":"WebPage","@id":"https:\/\/www.dansifuentes.com\/","url":"https:\/\/www.dansifuentes.com\/","name":"HomeTest - DAN SIFUENTES","isPartOf":{"@id":"https:\/\/www.dansifuentes.com\/#website"},"datePublished":"2019-01-30T20:27:04+00:00","dateModified":"2024-08-27T02:27:16+00:00","breadcrumb":{"@id":"https:\/\/www.dansifuentes.com\/#breadcrumb"},"inLanguage":"en-US","potentialAction":[{"@type":"ReadAction","target":["https:\/\/www.dansifuentes.com\/"]}]},{"@type":"BreadcrumbList","@id":"https:\/\/www.dansifuentes.com\/#breadcrumb","itemListElement":[{"@type":"ListItem","position":1,"name":"Home","item":"https:\/\/www.dansifuentes.com\/"},{"@type":"ListItem","position":2,"name":"HomeTest"}]},{"@type":"WebSite","@id":"https:\/\/www.dansifuentes.com\/#website","url":"https:\/\/www.dansifuentes.com\/","name":"DAN SIFUENTES","description":"Motivador Profesional","publisher":{"@id":"https:\/\/www.dansifuentes.com\/#organization"},"potentialAction":[{"@type":"SearchAction","target":{"@type":"EntryPoint","urlTemplate":"https:\/\/www.dansifuentes.com\/?s={search_term_string}"},"query-input":"required name=search_term_string"}],"inLanguage":"en-US"},{"@type":"Organization","@id":"https:\/\/www.dansifuentes.com\/#organization","name":"DAN SIFUENTES","url":"https:\/\/www.dansifuentes.com\/","logo":{"@type":"ImageObject","inLanguage":"en-US","@id":"https:\/\/www.dansifuentes.com\/#\/schema\/logo\/image\/","url":"https:\/\/www.dansifuentes.com\/wp-content\/uploads\/2021\/08\/DAN123.png","contentUrl":"https:\/\/www.dansifuentes.com\/wp-content\/uploads\/2021\/08\/DAN123.png","width":1080,"height":1080,"caption":"DAN SIFUENTES"},"image":{"@id":"https:\/\/www.dansifuentes.com\/#\/schema\/logo\/image\/"},"sameAs":["https:\/\/www.facebook.com\/DanSifuentesOficial","https:\/\/twitter.com\/LimiteYo","https:\/\/www.tiktok.com\/@dansifuentes1","https:\/\/www.youtube.com\/@dansifuentesoficial9329","https:\/\/www.linkedin.com\/in\/dan-sifuentes-11306b13\/recent-activity\/","https:\/\/www.instagram.com\/dansifuentes1\/"]}]}},"_links":{"self":[{"href":"https:\/\/www.dansifuentes.com\/en\/wp-json\/wp\/v2\/pages\/1932"}],"collection":[{"href":"https:\/\/www.dansifuentes.com\/en\/wp-json\/wp\/v2\/pages"}],"about":[{"href":"https:\/\/www.dansifuentes.com\/en\/wp-json\/wp\/v2\/types\/page"}],"author":[{"embeddable":true,"href":"https:\/\/www.dansifuentes.com\/en\/wp-json\/wp\/v2\/users\/1"}],"replies":[{"embeddable":true,"href":"https:\/\/www.dansifuentes.com\/en\/wp-json\/wp\/v2\/comments?post=1932"}],"version-history":[{"count":82,"href":"https:\/\/www.dansifuentes.com\/en\/wp-json\/wp\/v2\/pages\/1932\/revisions"}],"predecessor-version":[{"id":2943,"href":"https:\/\/www.dansifuentes.com\/en\/wp-json\/wp\/v2\/pages\/1932\/revisions\/2943"}],"wp:attachment":[{"href":"https:\/\/www.dansifuentes.com\/en\/wp-json\/wp\/v2\/media?parent=1932"}],"curies":[{"name":"wp","href":"https:\/\/api.w.org\/{rel}","templated":true}]}}