{"id":311,"date":"2016-11-04T00:57:47","date_gmt":"2016-11-04T00:57:47","guid":{"rendered":"https:\/\/www.dansifuentes.com\/?page_id=311"},"modified":"2021-11-09T17:27:17","modified_gmt":"2021-11-10T00:27:17","slug":"contact","status":"publish","type":"page","link":"https:\/\/www.dansifuentes.com\/en\/contact\/","title":{"rendered":"Contact us"},"content":{"rendered":"<div id=\"pl-311\"  class=\"panel-layout\" ><div id=\"pg-311-0\"  class=\"panel-grid panel-no-style\" ><div id=\"pgc-311-0-0\"  class=\"panel-grid-cell panel-grid-cell-empty\" ><\/div><\/div><div id=\"pg-311-1\"  class=\"panel-grid panel-no-style\" ><div id=\"pgc-311-1-0\"  class=\"panel-grid-cell panel-grid-cell-empty\" ><\/div><\/div><div id=\"pg-311-2\"  class=\"panel-grid panel-no-style\" ><div id=\"pgc-311-2-0\"  class=\"panel-grid-cell\" ><div id=\"panel-311-2-0-0\" class=\"so-panel widget widget_black-studio-tinymce widget_black_studio_tinymce panel-first-child panel-last-child\" data-index=\"0\" ><h3 class=\"widget-title\">Questions, Comments<\/h3><div class=\"textwidget\"><p>\n<div class=\"wpcf7 no-js\" id=\"wpcf7-f2442-o2\" lang=\"en\" dir=\"ltr\">\n<div class=\"screen-reader-response\"><p role=\"status\" aria-live=\"polite\" aria-atomic=\"true\"><\/p> <ul><\/ul><\/div>\n<form action=\"\/en\/wp-json\/wp\/v2\/pages\/311#wpcf7-f2442-o2\" method=\"post\" class=\"wpcf7-form init\" aria-label=\"Contact form\" novalidate=\"novalidate\" data-status=\"init\" data-trp-original-action=\"\/en\/wp-json\/wp\/v2\/pages\/311#wpcf7-f2442-o2\">\n<div style=\"display: none;\">\n<input type=\"hidden\" name=\"_wpcf7\" value=\"2442\" \/>\n<input type=\"hidden\" name=\"_wpcf7_version\" value=\"5.7.3\" \/>\n<input type=\"hidden\" name=\"_wpcf7_locale\" value=\"en\" \/>\n<input type=\"hidden\" name=\"_wpcf7_unit_tag\" value=\"wpcf7-f2442-o2\" \/>\n<input type=\"hidden\" name=\"_wpcf7_container_post\" value=\"0\" \/>\n<input type=\"hidden\" name=\"_wpcf7_posted_data_hash\" value=\"\" \/>\n<\/div>\n<p><label> Name*<br \/>\n<span class=\"wpcf7-form-control-wrap\" data-name=\"your-name\"><input size=\"40\" class=\"wpcf7-form-control wpcf7-text wpcf7-validates-as-required\" aria-required=\"true\" aria-invalid=\"false\" value=\"\" type=\"text\" name=\"your-name\" \/><\/span> <\/label>\n<\/p>\n<p><label> Email*<br \/>\n<span class=\"wpcf7-form-control-wrap\" data-name=\"your-email\"><input size=\"40\" class=\"wpcf7-form-control wpcf7-text wpcf7-email wpcf7-validates-as-required wpcf7-validates-as-email\" aria-required=\"true\" aria-invalid=\"false\" value=\"\" type=\"email\" name=\"your-email\" \/><\/span> <\/label>\n<\/p>\n<p><label> Nombre de la compa\u00f1ia<br \/>\n<span class=\"wpcf7-form-control-wrap\" data-name=\"your-subject\"><input size=\"40\" class=\"wpcf7-form-control wpcf7-text\" aria-invalid=\"false\" value=\"\" type=\"text\" name=\"your-subject\" \/><\/span> <\/label>\n<\/p>\n<p><label> Telefono*<br \/>\n<span class=\"wpcf7-form-control-wrap\" data-name=\"tel-210\"><input size=\"40\" class=\"wpcf7-form-control wpcf7-text wpcf7-tel wpcf7-validates-as-required wpcf7-validates-as-tel\" aria-required=\"true\" aria-invalid=\"false\" value=\"\" type=\"tel\" name=\"tel-210\" \/><\/span> <\/label>\n<\/p>\n<p><label> Tu mensaje (optional)<br \/>\n<span class=\"wpcf7-form-control-wrap\" data-name=\"your-message\"><textarea cols=\"40\" rows=\"10\" class=\"wpcf7-form-control wpcf7-textarea\" aria-invalid=\"false\" name=\"your-message\"><\/textarea><\/span> <\/label>\n<\/p>\n<p><input class=\"wpcf7-form-control has-spinner wpcf7-submit\" type=\"submit\" value=\"Submit\" \/>\n<\/p><input type=\"hidden\" id=\"ct_checkjs_cf7_63dc7ed1010d3c3b8269faf0ba7491d4\" name=\"ct_checkjs_cf7\" value=\"0\" \/><input \n        id=\"apbct__email_id__wp_contact_form_7_84545\" \n        class=\"apbct_special_field apbct__email_id__wp_contact_form_7\"\n        autocomplete=\"off\" \n        name=\"apbct__email_id__wp_contact_form_7_84545\"  \n        type=\"text\" \n        value=\"\" \n        size=\"30\" \n        maxlength=\"200\" \n    \/><input \n        id=\"apbct_event_id\"\n        class=\"apbct_special_field\"\n        name=\"apbct_event_id\"\n        type=\"hidden\" \n        value=\"84545\" \n            \/><p style=\"display: none !important;\"><label>&#916;<textarea name=\"_wpcf7_ak_hp_textarea\" cols=\"45\" rows=\"8\" maxlength=\"100\"><\/textarea><\/label><input type=\"hidden\" id=\"ak_js_2\" name=\"_wpcf7_ak_js\" value=\"41\"\/><script>document.getElementById( \"ak_js_2\" ).setAttribute( \"value\", ( new Date() ).getTime() );<\/script><\/p><div class=\"wpcf7-response-output\" aria-hidden=\"true\"><\/div>\n<input type=\"hidden\" name=\"trp-form-language\" value=\"en\"\/><\/form>\n<\/div>\n<\/p>\n<\/div><\/div><\/div><div id=\"pgc-311-2-1\"  class=\"panel-grid-cell\" ><div id=\"panel-311-2-1-0\" class=\"so-panel widget widget_black-studio-tinymce widget_black_studio_tinymce panel-first-child panel-last-child\" data-index=\"1\" ><h3 class=\"widget-title\">Contact us<\/h3><div class=\"textwidget\"><h2><\/h2>\n<h2 style=\"text-align: center;\">Dan@DanSifuentes.com<\/h2>\n<h3 style=\"text-align: center;\">In the United States, call me at 801-690-4730<\/h3>\n<h2 style=\"text-align: center;\">\u00a0<img class=\"alignleft size-large wp-image-432\" src=\"https:\/\/www.dansifuentes.com\/wp-content\/uploads\/2016\/11\/20161021_125709-1-1024x576.jpg\" alt=\"\" width=\"1024\" height=\"576\" \/><\/h2>\n<h2 style=\"text-align: center;\"><\/h2>\n<\/div><\/div><\/div><\/div><\/div>","protected":false},"excerpt":{"rendered":"<p>Preguntas, Comentarios &#8230; Nombre* Email* Nombre de la compa\u00f1ia Telefono* Tu mensaje (optional) &#916; Cont\u00e1ctanos Dan@DanSifuentes.com In the United States, call me at 801-690-4730 \u00a0<\/p>","protected":false},"author":1,"featured_media":0,"parent":0,"menu_order":0,"comment_status":"closed","ping_status":"closed","template":"","meta":[],"yoast_head":"<!-- This site is optimized with the Yoast SEO plugin v20.1 - https:\/\/yoast.com\/wordpress\/plugins\/seo\/ -->\n<title>Cont\u00e1ctanos - DAN SIFUENTES<\/title>\n<meta name=\"robots\" content=\"index, follow, max-snippet:-1, max-image-preview:large, max-video-preview:-1\" \/>\n<link rel=\"canonical\" href=\"https:\/\/www.dansifuentes.com\/en\/contact\/\" \/>\n<meta property=\"og:locale\" content=\"en_US\" \/>\n<meta property=\"og:type\" content=\"article\" \/>\n<meta property=\"og:title\" content=\"Cont\u00e1ctanos - DAN SIFUENTES\" \/>\n<meta property=\"og:description\" content=\"Preguntas, Comentarios &#8230; Nombre* Email* Nombre de la compa\u00f1ia Telefono* Tu mensaje (optional) &#916; Cont\u00e1ctanos Dan@DanSifuentes.com In the United States, call me at 801-690-4730 \u00a0\" \/>\n<meta property=\"og:url\" content=\"https:\/\/www.dansifuentes.com\/en\/contact\/\" \/>\n<meta property=\"og:site_name\" content=\"DAN SIFUENTES\" \/>\n<meta property=\"article:publisher\" content=\"https:\/\/www.facebook.com\/DanSifuentesOficial\" \/>\n<meta property=\"article:modified_time\" content=\"2021-11-10T00:27:17+00:00\" \/>\n<meta property=\"og:image\" content=\"https:\/\/www.dansifuentes.com\/wp-content\/uploads\/2016\/11\/20161021_125709-1-1024x576.jpg\" \/>\n<meta name=\"twitter:card\" content=\"summary_large_image\" \/>\n<meta name=\"twitter:site\" content=\"@LimiteYo\" \/>\n<script type=\"application\/ld+json\" class=\"yoast-schema-graph\">{\"@context\":\"https:\/\/schema.org\",\"@graph\":[{\"@type\":\"WebPage\",\"@id\":\"https:\/\/www.dansifuentes.com\/contact\/\",\"url\":\"https:\/\/www.dansifuentes.com\/contact\/\",\"name\":\"Cont\u00e1ctanos - DAN SIFUENTES\",\"isPartOf\":{\"@id\":\"https:\/\/www.dansifuentes.com\/#website\"},\"datePublished\":\"2016-11-04T00:57:47+00:00\",\"dateModified\":\"2021-11-10T00:27:17+00:00\",\"breadcrumb\":{\"@id\":\"https:\/\/www.dansifuentes.com\/contact\/#breadcrumb\"},\"inLanguage\":\"en-US\",\"potentialAction\":[{\"@type\":\"ReadAction\",\"target\":[\"https:\/\/www.dansifuentes.com\/contact\/\"]}]},{\"@type\":\"BreadcrumbList\",\"@id\":\"https:\/\/www.dansifuentes.com\/contact\/#breadcrumb\",\"itemListElement\":[{\"@type\":\"ListItem\",\"position\":1,\"name\":\"Home\",\"item\":\"https:\/\/www.dansifuentes.com\/\"},{\"@type\":\"ListItem\",\"position\":2,\"name\":\"Cont\u00e1ctanos\"}]},{\"@type\":\"WebSite\",\"@id\":\"https:\/\/www.dansifuentes.com\/#website\",\"url\":\"https:\/\/www.dansifuentes.com\/\",\"name\":\"DAN SIFUENTES\",\"description\":\"Motivador Profesional\",\"publisher\":{\"@id\":\"https:\/\/www.dansifuentes.com\/#organization\"},\"potentialAction\":[{\"@type\":\"SearchAction\",\"target\":{\"@type\":\"EntryPoint\",\"urlTemplate\":\"https:\/\/www.dansifuentes.com\/?s={search_term_string}\"},\"query-input\":\"required name=search_term_string\"}],\"inLanguage\":\"en-US\"},{\"@type\":\"Organization\",\"@id\":\"https:\/\/www.dansifuentes.com\/#organization\",\"name\":\"DAN SIFUENTES\",\"url\":\"https:\/\/www.dansifuentes.com\/\",\"logo\":{\"@type\":\"ImageObject\",\"inLanguage\":\"en-US\",\"@id\":\"https:\/\/www.dansifuentes.com\/#\/schema\/logo\/image\/\",\"url\":\"https:\/\/www.dansifuentes.com\/wp-content\/uploads\/2021\/08\/DAN123.png\",\"contentUrl\":\"https:\/\/www.dansifuentes.com\/wp-content\/uploads\/2021\/08\/DAN123.png\",\"width\":1080,\"height\":1080,\"caption\":\"DAN SIFUENTES\"},\"image\":{\"@id\":\"https:\/\/www.dansifuentes.com\/#\/schema\/logo\/image\/\"},\"sameAs\":[\"https:\/\/www.facebook.com\/DanSifuentesOficial\",\"https:\/\/twitter.com\/LimiteYo\",\"https:\/\/www.tiktok.com\/@dansifuentes1\",\"https:\/\/www.youtube.com\/@dansifuentesoficial9329\",\"https:\/\/www.linkedin.com\/in\/dan-sifuentes-11306b13\/recent-activity\/\",\"https:\/\/www.instagram.com\/dansifuentes1\/\"]}]}<\/script>\n<!-- \/ Yoast SEO plugin. -->","yoast_head_json":{"title":"Cont\u00e1ctanos - DAN SIFUENTES","robots":{"index":"index","follow":"follow","max-snippet":"max-snippet:-1","max-image-preview":"max-image-preview:large","max-video-preview":"max-video-preview:-1"},"canonical":"https:\/\/www.dansifuentes.com\/en\/contact\/","og_locale":"en_US","og_type":"article","og_title":"Cont\u00e1ctanos - DAN SIFUENTES","og_description":"Preguntas, Comentarios &#8230; Nombre* Email* Nombre de la compa\u00f1ia Telefono* Tu mensaje (optional) &#916; Cont\u00e1ctanos Dan@DanSifuentes.com In the United States, call me at 801-690-4730 \u00a0","og_url":"https:\/\/www.dansifuentes.com\/en\/contact\/","og_site_name":"DAN SIFUENTES","article_publisher":"https:\/\/www.facebook.com\/DanSifuentesOficial","article_modified_time":"2021-11-10T00:27:17+00:00","og_image":[{"url":"https:\/\/www.dansifuentes.com\/wp-content\/uploads\/2016\/11\/20161021_125709-1-1024x576.jpg"}],"twitter_card":"summary_large_image","twitter_site":"@LimiteYo","schema":{"@context":"https:\/\/schema.org","@graph":[{"@type":"WebPage","@id":"https:\/\/www.dansifuentes.com\/contact\/","url":"https:\/\/www.dansifuentes.com\/contact\/","name":"Cont\u00e1ctanos - DAN SIFUENTES","isPartOf":{"@id":"https:\/\/www.dansifuentes.com\/#website"},"datePublished":"2016-11-04T00:57:47+00:00","dateModified":"2021-11-10T00:27:17+00:00","breadcrumb":{"@id":"https:\/\/www.dansifuentes.com\/contact\/#breadcrumb"},"inLanguage":"en-US","potentialAction":[{"@type":"ReadAction","target":["https:\/\/www.dansifuentes.com\/contact\/"]}]},{"@type":"BreadcrumbList","@id":"https:\/\/www.dansifuentes.com\/contact\/#breadcrumb","itemListElement":[{"@type":"ListItem","position":1,"name":"Home","item":"https:\/\/www.dansifuentes.com\/"},{"@type":"ListItem","position":2,"name":"Cont\u00e1ctanos"}]},{"@type":"WebSite","@id":"https:\/\/www.dansifuentes.com\/#website","url":"https:\/\/www.dansifuentes.com\/","name":"DAN SIFUENTES","description":"Motivador Profesional","publisher":{"@id":"https:\/\/www.dansifuentes.com\/#organization"},"potentialAction":[{"@type":"SearchAction","target":{"@type":"EntryPoint","urlTemplate":"https:\/\/www.dansifuentes.com\/?s={search_term_string}"},"query-input":"required name=search_term_string"}],"inLanguage":"en-US"},{"@type":"Organization","@id":"https:\/\/www.dansifuentes.com\/#organization","name":"DAN SIFUENTES","url":"https:\/\/www.dansifuentes.com\/","logo":{"@type":"ImageObject","inLanguage":"en-US","@id":"https:\/\/www.dansifuentes.com\/#\/schema\/logo\/image\/","url":"https:\/\/www.dansifuentes.com\/wp-content\/uploads\/2021\/08\/DAN123.png","contentUrl":"https:\/\/www.dansifuentes.com\/wp-content\/uploads\/2021\/08\/DAN123.png","width":1080,"height":1080,"caption":"DAN SIFUENTES"},"image":{"@id":"https:\/\/www.dansifuentes.com\/#\/schema\/logo\/image\/"},"sameAs":["https:\/\/www.facebook.com\/DanSifuentesOficial","https:\/\/twitter.com\/LimiteYo","https:\/\/www.tiktok.com\/@dansifuentes1","https:\/\/www.youtube.com\/@dansifuentesoficial9329","https:\/\/www.linkedin.com\/in\/dan-sifuentes-11306b13\/recent-activity\/","https:\/\/www.instagram.com\/dansifuentes1\/"]}]}},"_links":{"self":[{"href":"https:\/\/www.dansifuentes.com\/en\/wp-json\/wp\/v2\/pages\/311"}],"collection":[{"href":"https:\/\/www.dansifuentes.com\/en\/wp-json\/wp\/v2\/pages"}],"about":[{"href":"https:\/\/www.dansifuentes.com\/en\/wp-json\/wp\/v2\/types\/page"}],"author":[{"embeddable":true,"href":"https:\/\/www.dansifuentes.com\/en\/wp-json\/wp\/v2\/users\/1"}],"replies":[{"embeddable":true,"href":"https:\/\/www.dansifuentes.com\/en\/wp-json\/wp\/v2\/comments?post=311"}],"version-history":[{"count":58,"href":"https:\/\/www.dansifuentes.com\/en\/wp-json\/wp\/v2\/pages\/311\/revisions"}],"predecessor-version":[{"id":2456,"href":"https:\/\/www.dansifuentes.com\/en\/wp-json\/wp\/v2\/pages\/311\/revisions\/2456"}],"wp:attachment":[{"href":"https:\/\/www.dansifuentes.com\/en\/wp-json\/wp\/v2\/media?parent=311"}],"curies":[{"name":"wp","href":"https:\/\/api.w.org\/{rel}","templated":true}]}}