{"id":386,"date":"2016-11-07T23:21:07","date_gmt":"2016-11-07T23:21:07","guid":{"rendered":"https:\/\/www.dansifuentes.com\/?page_id=386"},"modified":"2021-07-09T14:54:10","modified_gmt":"2021-07-09T20:54:10","slug":"about-me","status":"publish","type":"page","link":"https:\/\/www.dansifuentes.com\/en\/about-me\/","title":{"rendered":"About me"},"content":{"rendered":"<div data-elementor-type=\"wp-post\" data-elementor-id=\"386\" class=\"elementor elementor-386\">\n\t\t\t\t\t\t<div class=\"elementor-inner\">\n\t\t\t\t<div class=\"elementor-section-wrap\">\n\t\t\t\t\t\t\t\t\t<section class=\"has_eae_slider elementor-section elementor-top-section elementor-element elementor-element-456be80c elementor-section-content-middle elementor-section-stretched elementor-section-full_width elementor-section-height-default elementor-section-height-default\" data-id=\"456be80c\" data-element_type=\"section\" data-settings=\"{&quot;stretch_section&quot;:&quot;section-stretched&quot;}\">\n\t\t\t\t\t\t<div class=\"elementor-container elementor-column-gap-no\">\n\t\t\t\t\t\t\t<div class=\"elementor-row\">\n\t\t\t\t\t<div class=\"has_eae_slider elementor-column elementor-col-33 elementor-top-column elementor-element elementor-element-6af8e1c3\" data-id=\"6af8e1c3\" data-element_type=\"column\">\n\t\t\t<div class=\"elementor-column-wrap elementor-element-populated\">\n\t\t\t\t\t\t\t<div class=\"elementor-widget-wrap\">\n\t\t\t\t\t\t<div class=\"elementor-element elementor-element-3fb8149e elementor-widget elementor-widget-text-editor\" data-id=\"3fb8149e\" data-element_type=\"widget\" data-widget_type=\"text-editor.default\">\n\t\t\t\t<div class=\"elementor-widget-container\">\n\t\t\t\t\t\t\t\t<div class=\"elementor-text-editor elementor-clearfix\">\n\t\t\t\t<p>Professional Motivator<\/p>\t\t\t\t\t<\/div>\n\t\t\t\t\t\t<\/div>\n\t\t\t\t<\/div>\n\t\t\t\t<div class=\"elementor-element elementor-element-1d3213d5 elementor-widget elementor-widget-heading\" data-id=\"1d3213d5\" data-element_type=\"widget\" data-widget_type=\"heading.default\">\n\t\t\t\t<div class=\"elementor-widget-container\">\n\t\t\t<h3 class=\"elementor-heading-title elementor-size-default\">Dan Sifuentes<\/h3>\t\t<\/div>\n\t\t\t\t<\/div>\n\t\t\t\t<div class=\"elementor-element elementor-element-5a34b3dc elementor-widget elementor-widget-image\" data-id=\"5a34b3dc\" data-element_type=\"widget\" data-widget_type=\"image.default\">\n\t\t\t\t<div class=\"elementor-widget-container\">\n\t\t\t\t\t\t\t\t<div class=\"elementor-image\">\n\t\t\t\t\t\t\t\t\t\t\t\t<img decoding=\"async\" width=\"543\" height=\"516\" src=\"https:\/\/www.dansifuentes.com\/wp-content\/uploads\/2016\/11\/oregon.png\" class=\"elementor-animation-grow attachment-large size-large wp-image-430\" alt=\"\" loading=\"lazy\" srcset=\"https:\/\/www.dansifuentes.com\/wp-content\/uploads\/2016\/11\/oregon.png 543w, https:\/\/www.dansifuentes.com\/wp-content\/uploads\/2016\/11\/oregon-300x285.png 300w\" sizes=\"(max-width: 543px) 100vw, 543px\" \/>\t\t\t\t\t\t\t\t\t\t\t\t\t\t<\/div>\n\t\t\t\t\t\t<\/div>\n\t\t\t\t<\/div>\n\t\t\t\t\t\t<\/div>\n\t\t\t\t\t<\/div>\n\t\t<\/div>\n\t\t\t\t<div class=\"has_eae_slider elementor-column elementor-col-33 elementor-top-column elementor-element elementor-element-469accf8\" data-id=\"469accf8\" data-element_type=\"column\">\n\t\t\t<div class=\"elementor-column-wrap elementor-element-populated\">\n\t\t\t\t\t\t\t<div class=\"elementor-widget-wrap\">\n\t\t\t\t\t\t<div class=\"elementor-element elementor-element-23b9bc3e elementor-widget elementor-widget-image\" data-id=\"23b9bc3e\" data-element_type=\"widget\" data-widget_type=\"image.default\">\n\t\t\t\t<div class=\"elementor-widget-container\">\n\t\t\t\t\t\t\t\t<div class=\"elementor-image\">\n\t\t\t\t\t\t\t\t\t\t\t\t<img decoding=\"async\" width=\"800\" height=\"450\" src=\"https:\/\/www.dansifuentes.com\/wp-content\/uploads\/2016\/11\/20161021_125709-1-1024x576.jpg\" class=\"elementor-animation-grow attachment-large size-large wp-image-432\" alt=\"\" loading=\"lazy\" srcset=\"https:\/\/www.dansifuentes.com\/wp-content\/uploads\/2016\/11\/20161021_125709-1-1024x576.jpg 1024w, https:\/\/www.dansifuentes.com\/wp-content\/uploads\/2016\/11\/20161021_125709-1-300x169.jpg 300w, https:\/\/www.dansifuentes.com\/wp-content\/uploads\/2016\/11\/20161021_125709-1-768x432.jpg 768w\" sizes=\"(max-width: 800px) 100vw, 800px\" \/>\t\t\t\t\t\t\t\t\t\t\t\t\t\t<\/div>\n\t\t\t\t\t\t<\/div>\n\t\t\t\t<\/div>\n\t\t\t\t<div class=\"elementor-element elementor-element-2444b467 elementor-widget elementor-widget-text-editor\" data-id=\"2444b467\" data-element_type=\"widget\" data-widget_type=\"text-editor.default\">\n\t\t\t\t<div class=\"elementor-widget-container\">\n\t\t\t\t\t\t\t\t<div class=\"elementor-text-editor elementor-clearfix\">\n\t\t\t\t<p>Dan Sifuentes is a successful Professional Technician with more than 20 years of experience. He has worked at companies like Microsoft, Symantec, Micro Focus, and MeritMedical throughout his career.<\/p><p>Due to his passion for helping people to improve in their life project, he is a professional motivator in Mexico.<\/p><p>Dan has an innate passion for helping people discover, develop and apply their individual skills using effective methods and strategies that ensure a better quality of life.<br \/>.<\/p>\t\t\t\t\t<\/div>\n\t\t\t\t\t\t<\/div>\n\t\t\t\t<\/div>\n\t\t\t\t\t\t<\/div>\n\t\t\t\t\t<\/div>\n\t\t<\/div>\n\t\t\t\t<div class=\"has_eae_slider elementor-column elementor-col-33 elementor-top-column elementor-element elementor-element-3f6ae548\" data-id=\"3f6ae548\" data-element_type=\"column\">\n\t\t\t<div class=\"elementor-column-wrap elementor-element-populated\">\n\t\t\t\t\t\t\t<div class=\"elementor-widget-wrap\">\n\t\t\t\t\t\t<div class=\"elementor-element elementor-element-7b9a92fc elementor-widget elementor-widget-image\" data-id=\"7b9a92fc\" data-element_type=\"widget\" data-widget_type=\"image.default\">\n\t\t\t\t<div class=\"elementor-widget-container\">\n\t\t\t\t\t\t\t\t<div class=\"elementor-image\">\n\t\t\t\t\t\t\t\t\t\t\t\t<img decoding=\"async\" width=\"1585\" height=\"1728\" src=\"https:\/\/www.dansifuentes.com\/wp-content\/uploads\/2019\/06\/suit.jpg\" class=\"elementor-animation-grow attachment-full size-full wp-image-2040\" alt=\"\" loading=\"lazy\" srcset=\"https:\/\/www.dansifuentes.com\/wp-content\/uploads\/2019\/06\/suit.jpg 1585w, https:\/\/www.dansifuentes.com\/wp-content\/uploads\/2019\/06\/suit-275x300.jpg 275w, https:\/\/www.dansifuentes.com\/wp-content\/uploads\/2019\/06\/suit-768x837.jpg 768w, https:\/\/www.dansifuentes.com\/wp-content\/uploads\/2019\/06\/suit-939x1024.jpg 939w\" sizes=\"(max-width: 1585px) 100vw, 1585px\" \/>\t\t\t\t\t\t\t\t\t\t\t\t\t\t<\/div>\n\t\t\t\t\t\t<\/div>\n\t\t\t\t<\/div>\n\t\t\t\t\t\t<\/div>\n\t\t\t\t\t<\/div>\n\t\t<\/div>\n\t\t\t\t\t\t\t\t<\/div>\n\t\t\t\t\t<\/div>\n\t\t<\/section>\n\t\t\t\t<section class=\"has_eae_slider elementor-section elementor-top-section elementor-element elementor-element-bde6b46 elementor-section-content-middle elementor-section-stretched elementor-section-full_width elementor-section-height-default elementor-section-height-default\" data-id=\"bde6b46\" data-element_type=\"section\" data-settings=\"{&quot;stretch_section&quot;:&quot;section-stretched&quot;}\">\n\t\t\t\t\t\t<div class=\"elementor-container elementor-column-gap-no\">\n\t\t\t\t\t\t\t<div class=\"elementor-row\">\n\t\t\t\t\t<div class=\"has_eae_slider elementor-column elementor-col-50 elementor-top-column elementor-element elementor-element-44f13d8a\" data-id=\"44f13d8a\" data-element_type=\"column\">\n\t\t\t<div class=\"elementor-column-wrap elementor-element-populated\">\n\t\t\t\t\t\t\t<div class=\"elementor-widget-wrap\">\n\t\t\t\t\t\t<div class=\"elementor-element elementor-element-443819a2 elementor-widget elementor-widget-image\" data-id=\"443819a2\" data-element_type=\"widget\" data-widget_type=\"image.default\">\n\t\t\t\t<div class=\"elementor-widget-container\">\n\t\t\t\t\t\t\t\t<div class=\"elementor-image\">\n\t\t\t\t\t\t\t\t\t\t\t\t<img decoding=\"async\" width=\"4128\" height=\"2322\" src=\"https:\/\/www.dansifuentes.com\/wp-content\/uploads\/2019\/06\/20151123_075924.jpg\" class=\"attachment-full size-full wp-image-2042\" alt=\"\" loading=\"lazy\" srcset=\"https:\/\/www.dansifuentes.com\/wp-content\/uploads\/2019\/06\/20151123_075924.jpg 4128w, https:\/\/www.dansifuentes.com\/wp-content\/uploads\/2019\/06\/20151123_075924-300x169.jpg 300w, https:\/\/www.dansifuentes.com\/wp-content\/uploads\/2019\/06\/20151123_075924-768x432.jpg 768w, https:\/\/www.dansifuentes.com\/wp-content\/uploads\/2019\/06\/20151123_075924-1024x576.jpg 1024w\" sizes=\"(max-width: 4128px) 100vw, 4128px\" \/>\t\t\t\t\t\t\t\t\t\t\t\t\t\t<\/div>\n\t\t\t\t\t\t<\/div>\n\t\t\t\t<\/div>\n\t\t\t\t\t\t<\/div>\n\t\t\t\t\t<\/div>\n\t\t<\/div>\n\t\t\t\t<div class=\"has_eae_slider elementor-column elementor-col-50 elementor-top-column elementor-element elementor-element-cb45abc\" data-id=\"cb45abc\" data-element_type=\"column\">\n\t\t\t<div class=\"elementor-column-wrap elementor-element-populated\">\n\t\t\t\t\t\t\t<div class=\"elementor-widget-wrap\">\n\t\t\t\t\t\t<div class=\"elementor-element elementor-element-47d56a6f elementor-widget elementor-widget-heading\" data-id=\"47d56a6f\" data-element_type=\"widget\" data-widget_type=\"heading.default\">\n\t\t\t\t<div class=\"elementor-widget-container\">\n\t\t\t<h3 class=\"elementor-heading-title elementor-size-default\">More about me.<\/h3>\t\t<\/div>\n\t\t\t\t<\/div>\n\t\t\t\t<div class=\"elementor-element elementor-element-255cab90 elementor-position-left elementor-view-default elementor-mobile-position-top elementor-vertical-align-top elementor-widget elementor-widget-icon-box\" data-id=\"255cab90\" data-element_type=\"widget\" data-widget_type=\"icon-box.default\">\n\t\t\t\t<div class=\"elementor-widget-container\">\n\t\t\t\t\t<div class=\"elementor-icon-box-wrapper\">\n\t\t\t\t\t\t<div class=\"elementor-icon-box-icon\">\n\t\t\t\t<span class=\"elementor-icon elementor-animation-\" >\n\t\t\t\t<i class=\"fa fa-compass\" aria-hidden=\"true\"><\/i>\t\t\t\t<\/span>\n\t\t\t<\/div>\n\t\t\t\t\t\t<div class=\"elementor-icon-box-content\">\n\t\t\t\t<h3 class=\"elementor-icon-box-title\">\n\t\t\t\t\t<span  >\n\t\t\t\t\t\tPhilosophy\t\t\t\t\t<\/span>\n\t\t\t\t<\/h3>\n\t\t\t\t\t\t\t\t\t<p class=\"elementor-icon-box-description\">\n\t\t\t\t\t\tPersonal growth<br> \nLove life. <br>\nDo family activities\t\t\t\t\t<\/p>\n\t\t\t\t\t\t\t<\/div>\n\t\t<\/div>\n\t\t\t\t<\/div>\n\t\t\t\t<\/div>\n\t\t\t\t<div class=\"elementor-element elementor-element-259f0223 elementor-position-left elementor-view-default elementor-mobile-position-top elementor-vertical-align-top elementor-widget elementor-widget-icon-box\" data-id=\"259f0223\" data-element_type=\"widget\" data-widget_type=\"icon-box.default\">\n\t\t\t\t<div class=\"elementor-widget-container\">\n\t\t\t\t\t<div class=\"elementor-icon-box-wrapper\">\n\t\t\t\t\t\t<div class=\"elementor-icon-box-icon\">\n\t\t\t\t<span class=\"elementor-icon elementor-animation-\" >\n\t\t\t\t<i aria-hidden=\"true\" class=\"fas fa-graduation-cap\"><\/i>\t\t\t\t<\/span>\n\t\t\t<\/div>\n\t\t\t\t\t\t<div class=\"elementor-icon-box-content\">\n\t\t\t\t<h3 class=\"elementor-icon-box-title\">\n\t\t\t\t\t<span  >\n\t\t\t\t\t\tEducation.\t\t\t\t\t<\/span>\n\t\t\t\t<\/h3>\n\t\t\t\t\t\t\t\t\t<p class=\"elementor-icon-box-description\">\n\t\t\t\t\t\tEarned an associate degree from Brigham Young University Idaho<br>\nEarned a Bachelor of Business from North Dakota State University\n<br>Master of Project Management from City University of Seattle Studied at Brigham Young University Idaho\t\t\t\t\t<\/p>\n\t\t\t\t\t\t\t<\/div>\n\t\t<\/div>\n\t\t\t\t<\/div>\n\t\t\t\t<\/div>\n\t\t\t\t<div class=\"elementor-element elementor-element-2a8f9999 elementor-position-left elementor-view-default elementor-mobile-position-top elementor-vertical-align-top elementor-widget elementor-widget-icon-box\" data-id=\"2a8f9999\" data-element_type=\"widget\" data-widget_type=\"icon-box.default\">\n\t\t\t\t<div class=\"elementor-widget-container\">\n\t\t\t\t\t<div class=\"elementor-icon-box-wrapper\">\n\t\t\t\t\t\t<div class=\"elementor-icon-box-icon\">\n\t\t\t\t<span class=\"elementor-icon elementor-animation-\" >\n\t\t\t\t<i class=\"fa fa-building-o\" aria-hidden=\"true\"><\/i>\t\t\t\t<\/span>\n\t\t\t<\/div>\n\t\t\t\t\t\t<div class=\"elementor-icon-box-content\">\n\t\t\t\t<h3 class=\"elementor-icon-box-title\">\n\t\t\t\t\t<span  >\n\t\t\t\t\t\tExperience\t\t\t\t\t<\/span>\n\t\t\t\t<\/h3>\n\t\t\t\t\t\t\t\t\t<p class=\"elementor-icon-box-description\">\n\t\t\t\t\t\tHelp people improve themselves through coaching<br>\nHelp and guide corporations to build stronger teams through group activities\t\t\t\t\t<\/p>\n\t\t\t\t\t\t\t<\/div>\n\t\t<\/div>\n\t\t\t\t<\/div>\n\t\t\t\t<\/div>\n\t\t\t\t\t\t<\/div>\n\t\t\t\t\t<\/div>\n\t\t<\/div>\n\t\t\t\t\t\t\t\t<\/div>\n\t\t\t\t\t<\/div>\n\t\t<\/section>\n\t\t\t\t<section class=\"has_eae_slider elementor-section elementor-top-section elementor-element elementor-element-513c3240 elementor-section-content-middle elementor-section-stretched elementor-section-boxed elementor-section-height-default elementor-section-height-default\" data-id=\"513c3240\" data-element_type=\"section\" data-settings=\"{&quot;stretch_section&quot;:&quot;section-stretched&quot;}\">\n\t\t\t\t\t\t<div class=\"elementor-container elementor-column-gap-no\">\n\t\t\t\t\t\t\t<div class=\"elementor-row\">\n\t\t\t\t\t<div class=\"has_eae_slider elementor-column elementor-col-33 elementor-top-column elementor-element elementor-element-2e2a01b\" data-id=\"2e2a01b\" data-element_type=\"column\">\n\t\t\t<div class=\"elementor-column-wrap elementor-element-populated\">\n\t\t\t\t\t\t\t<div class=\"elementor-widget-wrap\">\n\t\t\t\t\t\t<div class=\"elementor-element elementor-element-39ce12cb elementor-widget elementor-widget-heading\" data-id=\"39ce12cb\" data-element_type=\"widget\" data-widget_type=\"heading.default\">\n\t\t\t\t<div class=\"elementor-widget-container\">\n\t\t\t<h3 class=\"elementor-heading-title elementor-size-default\">My life<\/h3>\t\t<\/div>\n\t\t\t\t<\/div>\n\t\t\t\t<div class=\"elementor-element elementor-element-14d49b20 elementor-widget-divider--view-line elementor-widget elementor-widget-divider\" data-id=\"14d49b20\" data-element_type=\"widget\" data-widget_type=\"divider.default\">\n\t\t\t\t<div class=\"elementor-widget-container\">\n\t\t\t\t\t<div class=\"elementor-divider\">\n\t\t\t<span class=\"elementor-divider-separator\">\n\t\t\t\t\t\t<\/span>\n\t\t<\/div>\n\t\t\t\t<\/div>\n\t\t\t\t<\/div>\n\t\t\t\t\t\t<\/div>\n\t\t\t\t\t<\/div>\n\t\t<\/div>\n\t\t\t\t<div class=\"has_eae_slider elementor-column elementor-col-33 elementor-top-column elementor-element elementor-element-119c8cb4\" data-id=\"119c8cb4\" data-element_type=\"column\">\n\t\t\t<div class=\"elementor-column-wrap elementor-element-populated\">\n\t\t\t\t\t\t\t<div class=\"elementor-widget-wrap\">\n\t\t\t\t\t\t<div class=\"elementor-element elementor-element-52ce3711 elementor-widget elementor-widget-image\" data-id=\"52ce3711\" data-element_type=\"widget\" data-widget_type=\"image.default\">\n\t\t\t\t<div class=\"elementor-widget-container\">\n\t\t\t\t\t\t\t\t<div class=\"elementor-image\">\n\t\t\t\t\t\t\t\t\t\t\t\t<img decoding=\"async\" width=\"5312\" height=\"2988\" src=\"https:\/\/www.dansifuentes.com\/wp-content\/uploads\/2019\/06\/20161023_135614.jpg\" class=\"elementor-animation-grow attachment-full size-full wp-image-2039\" alt=\"\" loading=\"lazy\" srcset=\"https:\/\/www.dansifuentes.com\/wp-content\/uploads\/2019\/06\/20161023_135614.jpg 5312w, https:\/\/www.dansifuentes.com\/wp-content\/uploads\/2019\/06\/20161023_135614-300x169.jpg 300w, https:\/\/www.dansifuentes.com\/wp-content\/uploads\/2019\/06\/20161023_135614-768x432.jpg 768w, https:\/\/www.dansifuentes.com\/wp-content\/uploads\/2019\/06\/20161023_135614-1024x576.jpg 1024w\" sizes=\"(max-width: 5312px) 100vw, 5312px\" \/>\t\t\t\t\t\t\t\t\t\t\t\t\t\t<\/div>\n\t\t\t\t\t\t<\/div>\n\t\t\t\t<\/div>\n\t\t\t\t<div class=\"elementor-element elementor-element-5b6cccca elementor-widget elementor-widget-text-editor\" data-id=\"5b6cccca\" data-element_type=\"widget\" data-widget_type=\"text-editor.default\">\n\t\t\t\t<div class=\"elementor-widget-container\">\n\t\t\t\t\t\t\t\t<div class=\"elementor-text-editor elementor-clearfix\">\n\t\t\t\t<p>His musical tastes are wide, from opera to rap. His favorite dish is mole poblano. He loves basketball, a sport that he plays on occasion and has even been a coach for two years.<br \/><br \/><\/p>\t\t\t\t\t<\/div>\n\t\t\t\t\t\t<\/div>\n\t\t\t\t<\/div>\n\t\t\t\t<div class=\"elementor-element elementor-element-20f939c3 elementor-widget elementor-widget-text-editor\" data-id=\"20f939c3\" data-element_type=\"widget\" data-widget_type=\"text-editor.default\">\n\t\t\t\t<div class=\"elementor-widget-container\">\n\t\t\t\t\t\t\t\t<div class=\"elementor-text-editor elementor-clearfix\">\n\t\t\t\t<p>He enjoys spending time with his family who is the most important thing to him. His spare time is used for studying and reading and also cycling.<\/p>\t\t\t\t\t<\/div>\n\t\t\t\t\t\t<\/div>\n\t\t\t\t<\/div>\n\t\t\t\t\t\t<\/div>\n\t\t\t\t\t<\/div>\n\t\t<\/div>\n\t\t\t\t<div class=\"has_eae_slider elementor-column elementor-col-33 elementor-top-column elementor-element elementor-element-4c42e283\" data-id=\"4c42e283\" data-element_type=\"column\">\n\t\t\t<div class=\"elementor-column-wrap elementor-element-populated\">\n\t\t\t\t\t\t\t<div class=\"elementor-widget-wrap\">\n\t\t\t\t\t\t<div class=\"elementor-element elementor-element-5b6c54e4 elementor-widget elementor-widget-image\" data-id=\"5b6c54e4\" data-element_type=\"widget\" data-widget_type=\"image.default\">\n\t\t\t\t<div class=\"elementor-widget-container\">\n\t\t\t\t\t\t\t\t<div class=\"elementor-image\">\n\t\t\t\t\t\t\t\t\t\t\t\t<img decoding=\"async\" width=\"1458\" height=\"1936\" src=\"https:\/\/www.dansifuentes.com\/wp-content\/uploads\/2019\/06\/Notre-Dame.jpg\" class=\"elementor-animation-grow attachment-full size-full wp-image-2048\" alt=\"\" loading=\"lazy\" srcset=\"https:\/\/www.dansifuentes.com\/wp-content\/uploads\/2019\/06\/Notre-Dame.jpg 1458w, https:\/\/www.dansifuentes.com\/wp-content\/uploads\/2019\/06\/Notre-Dame-226x300.jpg 226w, https:\/\/www.dansifuentes.com\/wp-content\/uploads\/2019\/06\/Notre-Dame-768x1020.jpg 768w, https:\/\/www.dansifuentes.com\/wp-content\/uploads\/2019\/06\/Notre-Dame-771x1024.jpg 771w\" sizes=\"(max-width: 1458px) 100vw, 1458px\" \/>\t\t\t\t\t\t\t\t\t\t\t\t\t\t<\/div>\n\t\t\t\t\t\t<\/div>\n\t\t\t\t<\/div>\n\t\t\t\t\t\t<\/div>\n\t\t\t\t\t<\/div>\n\t\t<\/div>\n\t\t\t\t\t\t\t\t<\/div>\n\t\t\t\t\t<\/div>\n\t\t<\/section>\n\t\t\t\t\t\t\t\t\t<\/div>\n\t\t\t<\/div>\n\t\t\t\t\t<\/div>","protected":false},"excerpt":{"rendered":"<p>Motivador Profesional Dan Sifuentes Dan Sifuentes es un exitoso T\u00e9cnico Profesional con m\u00e1s de 20 a\u00f1os de experiencia. Ha trabajado en compa\u00f1\u00edas como Microsoft, Symantec, Micro Focus, y MeritMedical a lo largo de su carrera. Debido a su pasi\u00f3n por ayudar a las personas para mejorar en su proyecto de vida, es un motivador profesional [&hellip;]<\/p>","protected":false},"author":1,"featured_media":0,"parent":0,"menu_order":0,"comment_status":"closed","ping_status":"closed","template":"","meta":[],"yoast_head":"<!-- This site is optimized with the Yoast SEO plugin v20.1 - https:\/\/yoast.com\/wordpress\/plugins\/seo\/ -->\n<title>Acerca de Mi - DAN SIFUENTES<\/title>\n<meta name=\"robots\" content=\"index, follow, max-snippet:-1, max-image-preview:large, max-video-preview:-1\" \/>\n<link rel=\"canonical\" href=\"https:\/\/www.dansifuentes.com\/en\/about-me\/\" \/>\n<meta property=\"og:locale\" content=\"en_US\" \/>\n<meta property=\"og:type\" content=\"article\" \/>\n<meta property=\"og:title\" content=\"Acerca de Mi - DAN SIFUENTES\" \/>\n<meta property=\"og:description\" content=\"Motivador Profesional Dan Sifuentes Dan Sifuentes es un exitoso T\u00e9cnico Profesional con m\u00e1s de 20 a\u00f1os de experiencia. Ha trabajado en compa\u00f1\u00edas como Microsoft, Symantec, Micro Focus, y MeritMedical a lo largo de su carrera. Debido a su pasi\u00f3n por ayudar a las personas para mejorar en su proyecto de vida, es un motivador profesional [&hellip;]\" \/>\n<meta property=\"og:url\" content=\"https:\/\/www.dansifuentes.com\/en\/about-me\/\" \/>\n<meta property=\"og:site_name\" content=\"DAN SIFUENTES\" \/>\n<meta property=\"article:publisher\" content=\"https:\/\/www.facebook.com\/DanSifuentesOficial\" \/>\n<meta property=\"article:modified_time\" content=\"2021-07-09T20:54:10+00:00\" \/>\n<meta property=\"og:image\" content=\"https:\/\/www.dansifuentes.com\/wp-content\/uploads\/2016\/11\/oregon.png\" \/>\n<meta name=\"twitter:card\" content=\"summary_large_image\" \/>\n<meta name=\"twitter:site\" content=\"@LimiteYo\" \/>\n<meta name=\"twitter:label1\" content=\"Est. reading time\" \/>\n\t<meta name=\"twitter:data1\" content=\"1 minute\" \/>\n<script type=\"application\/ld+json\" class=\"yoast-schema-graph\">{\"@context\":\"https:\/\/schema.org\",\"@graph\":[{\"@type\":\"WebPage\",\"@id\":\"https:\/\/www.dansifuentes.com\/about-me\/\",\"url\":\"https:\/\/www.dansifuentes.com\/about-me\/\",\"name\":\"Acerca de Mi - DAN SIFUENTES\",\"isPartOf\":{\"@id\":\"https:\/\/www.dansifuentes.com\/#website\"},\"datePublished\":\"2016-11-07T23:21:07+00:00\",\"dateModified\":\"2021-07-09T20:54:10+00:00\",\"breadcrumb\":{\"@id\":\"https:\/\/www.dansifuentes.com\/about-me\/#breadcrumb\"},\"inLanguage\":\"en-US\",\"potentialAction\":[{\"@type\":\"ReadAction\",\"target\":[\"https:\/\/www.dansifuentes.com\/about-me\/\"]}]},{\"@type\":\"BreadcrumbList\",\"@id\":\"https:\/\/www.dansifuentes.com\/about-me\/#breadcrumb\",\"itemListElement\":[{\"@type\":\"ListItem\",\"position\":1,\"name\":\"Home\",\"item\":\"https:\/\/www.dansifuentes.com\/\"},{\"@type\":\"ListItem\",\"position\":2,\"name\":\"Acerca de Mi\"}]},{\"@type\":\"WebSite\",\"@id\":\"https:\/\/www.dansifuentes.com\/#website\",\"url\":\"https:\/\/www.dansifuentes.com\/\",\"name\":\"DAN SIFUENTES\",\"description\":\"Motivador Profesional\",\"publisher\":{\"@id\":\"https:\/\/www.dansifuentes.com\/#organization\"},\"potentialAction\":[{\"@type\":\"SearchAction\",\"target\":{\"@type\":\"EntryPoint\",\"urlTemplate\":\"https:\/\/www.dansifuentes.com\/?s={search_term_string}\"},\"query-input\":\"required name=search_term_string\"}],\"inLanguage\":\"en-US\"},{\"@type\":\"Organization\",\"@id\":\"https:\/\/www.dansifuentes.com\/#organization\",\"name\":\"DAN SIFUENTES\",\"url\":\"https:\/\/www.dansifuentes.com\/\",\"logo\":{\"@type\":\"ImageObject\",\"inLanguage\":\"en-US\",\"@id\":\"https:\/\/www.dansifuentes.com\/#\/schema\/logo\/image\/\",\"url\":\"https:\/\/www.dansifuentes.com\/wp-content\/uploads\/2021\/08\/DAN123.png\",\"contentUrl\":\"https:\/\/www.dansifuentes.com\/wp-content\/uploads\/2021\/08\/DAN123.png\",\"width\":1080,\"height\":1080,\"caption\":\"DAN SIFUENTES\"},\"image\":{\"@id\":\"https:\/\/www.dansifuentes.com\/#\/schema\/logo\/image\/\"},\"sameAs\":[\"https:\/\/www.facebook.com\/DanSifuentesOficial\",\"https:\/\/twitter.com\/LimiteYo\",\"https:\/\/www.tiktok.com\/@dansifuentes1\",\"https:\/\/www.youtube.com\/@dansifuentesoficial9329\",\"https:\/\/www.linkedin.com\/in\/dan-sifuentes-11306b13\/recent-activity\/\",\"https:\/\/www.instagram.com\/dansifuentes1\/\"]}]}<\/script>\n<!-- \/ Yoast SEO plugin. -->","yoast_head_json":{"title":"Acerca de Mi - DAN SIFUENTES","robots":{"index":"index","follow":"follow","max-snippet":"max-snippet:-1","max-image-preview":"max-image-preview:large","max-video-preview":"max-video-preview:-1"},"canonical":"https:\/\/www.dansifuentes.com\/en\/about-me\/","og_locale":"en_US","og_type":"article","og_title":"Acerca de Mi - DAN SIFUENTES","og_description":"Motivador Profesional Dan Sifuentes Dan Sifuentes es un exitoso T\u00e9cnico Profesional con m\u00e1s de 20 a\u00f1os de experiencia. Ha trabajado en compa\u00f1\u00edas como Microsoft, Symantec, Micro Focus, y MeritMedical a lo largo de su carrera. Debido a su pasi\u00f3n por ayudar a las personas para mejorar en su proyecto de vida, es un motivador profesional [&hellip;]","og_url":"https:\/\/www.dansifuentes.com\/en\/about-me\/","og_site_name":"DAN SIFUENTES","article_publisher":"https:\/\/www.facebook.com\/DanSifuentesOficial","article_modified_time":"2021-07-09T20:54:10+00:00","og_image":[{"url":"https:\/\/www.dansifuentes.com\/wp-content\/uploads\/2016\/11\/oregon.png"}],"twitter_card":"summary_large_image","twitter_site":"@LimiteYo","twitter_misc":{"Est. reading time":"1 minute"},"schema":{"@context":"https:\/\/schema.org","@graph":[{"@type":"WebPage","@id":"https:\/\/www.dansifuentes.com\/about-me\/","url":"https:\/\/www.dansifuentes.com\/about-me\/","name":"Acerca de Mi - DAN SIFUENTES","isPartOf":{"@id":"https:\/\/www.dansifuentes.com\/#website"},"datePublished":"2016-11-07T23:21:07+00:00","dateModified":"2021-07-09T20:54:10+00:00","breadcrumb":{"@id":"https:\/\/www.dansifuentes.com\/about-me\/#breadcrumb"},"inLanguage":"en-US","potentialAction":[{"@type":"ReadAction","target":["https:\/\/www.dansifuentes.com\/about-me\/"]}]},{"@type":"BreadcrumbList","@id":"https:\/\/www.dansifuentes.com\/about-me\/#breadcrumb","itemListElement":[{"@type":"ListItem","position":1,"name":"Home","item":"https:\/\/www.dansifuentes.com\/"},{"@type":"ListItem","position":2,"name":"Acerca de Mi"}]},{"@type":"WebSite","@id":"https:\/\/www.dansifuentes.com\/#website","url":"https:\/\/www.dansifuentes.com\/","name":"DAN SIFUENTES","description":"Motivador Profesional","publisher":{"@id":"https:\/\/www.dansifuentes.com\/#organization"},"potentialAction":[{"@type":"SearchAction","target":{"@type":"EntryPoint","urlTemplate":"https:\/\/www.dansifuentes.com\/?s={search_term_string}"},"query-input":"required name=search_term_string"}],"inLanguage":"en-US"},{"@type":"Organization","@id":"https:\/\/www.dansifuentes.com\/#organization","name":"DAN SIFUENTES","url":"https:\/\/www.dansifuentes.com\/","logo":{"@type":"ImageObject","inLanguage":"en-US","@id":"https:\/\/www.dansifuentes.com\/#\/schema\/logo\/image\/","url":"https:\/\/www.dansifuentes.com\/wp-content\/uploads\/2021\/08\/DAN123.png","contentUrl":"https:\/\/www.dansifuentes.com\/wp-content\/uploads\/2021\/08\/DAN123.png","width":1080,"height":1080,"caption":"DAN SIFUENTES"},"image":{"@id":"https:\/\/www.dansifuentes.com\/#\/schema\/logo\/image\/"},"sameAs":["https:\/\/www.facebook.com\/DanSifuentesOficial","https:\/\/twitter.com\/LimiteYo","https:\/\/www.tiktok.com\/@dansifuentes1","https:\/\/www.youtube.com\/@dansifuentesoficial9329","https:\/\/www.linkedin.com\/in\/dan-sifuentes-11306b13\/recent-activity\/","https:\/\/www.instagram.com\/dansifuentes1\/"]}]}},"_links":{"self":[{"href":"https:\/\/www.dansifuentes.com\/en\/wp-json\/wp\/v2\/pages\/386"}],"collection":[{"href":"https:\/\/www.dansifuentes.com\/en\/wp-json\/wp\/v2\/pages"}],"about":[{"href":"https:\/\/www.dansifuentes.com\/en\/wp-json\/wp\/v2\/types\/page"}],"author":[{"embeddable":true,"href":"https:\/\/www.dansifuentes.com\/en\/wp-json\/wp\/v2\/users\/1"}],"replies":[{"embeddable":true,"href":"https:\/\/www.dansifuentes.com\/en\/wp-json\/wp\/v2\/comments?post=386"}],"version-history":[{"count":25,"href":"https:\/\/www.dansifuentes.com\/en\/wp-json\/wp\/v2\/pages\/386\/revisions"}],"predecessor-version":[{"id":2966,"href":"https:\/\/www.dansifuentes.com\/en\/wp-json\/wp\/v2\/pages\/386\/revisions\/2966"}],"wp:attachment":[{"href":"https:\/\/www.dansifuentes.com\/en\/wp-json\/wp\/v2\/media?parent=386"}],"curies":[{"name":"wp","href":"https:\/\/api.w.org\/{rel}","templated":true}]}}