{"id":409,"date":"2016-11-19T01:12:12","date_gmt":"2016-11-19T01:12:12","guid":{"rendered":"https:\/\/www.dansifuentes.com\/?page_id=409"},"modified":"2020-02-17T23:49:00","modified_gmt":"2020-02-18T06:49:00","slug":"events","status":"publish","type":"page","link":"https:\/\/www.dansifuentes.com\/en\/events\/","title":{"rendered":"Events"},"content":{"rendered":"<div data-elementor-type=\"wp-post\" data-elementor-id=\"409\" class=\"elementor elementor-409\">\n\t\t\t\t\t\t<div class=\"elementor-inner\">\n\t\t\t\t<div class=\"elementor-section-wrap\">\n\t\t\t\t\t\t\t\t\t<section class=\"has_eae_slider elementor-section elementor-top-section elementor-element elementor-element-fafda80 elementor-section-content-middle elementor-section-stretched elementor-section-boxed elementor-section-height-default elementor-section-height-default\" data-id=\"fafda80\" data-element_type=\"section\" data-settings=\"{&quot;background_background&quot;:&quot;classic&quot;,&quot;stretch_section&quot;:&quot;section-stretched&quot;}\">\n\t\t\t\t\t\t<div class=\"elementor-container elementor-column-gap-no\">\n\t\t\t\t\t\t\t<div class=\"elementor-row\">\n\t\t\t\t\t<div class=\"has_eae_slider elementor-column elementor-col-100 elementor-top-column elementor-element elementor-element-560d9c29\" data-id=\"560d9c29\" data-element_type=\"column\">\n\t\t\t<div class=\"elementor-column-wrap elementor-element-populated\">\n\t\t\t\t\t\t\t<div class=\"elementor-widget-wrap\">\n\t\t\t\t\t\t<div class=\"elementor-element elementor-element-3ae0746 elementor-widget elementor-widget-heading\" data-id=\"3ae0746\" data-element_type=\"widget\" data-widget_type=\"heading.default\">\n\t\t\t\t<div class=\"elementor-widget-container\">\n\t\t\t<h2 class=\"elementor-heading-title elementor-size-default\">Events<\/h2>\t\t<\/div>\n\t\t\t\t<\/div>\n\t\t\t\t\t\t<\/div>\n\t\t\t\t\t<\/div>\n\t\t<\/div>\n\t\t\t\t\t\t\t\t<\/div>\n\t\t\t\t\t<\/div>\n\t\t<\/section>\n\t\t\t\t<section class=\"has_eae_slider elementor-section elementor-top-section elementor-element elementor-element-e5e7518 elementor-section-boxed elementor-section-height-default elementor-section-height-default\" data-id=\"e5e7518\" data-element_type=\"section\">\n\t\t\t\t\t\t<div class=\"elementor-container elementor-column-gap-default\">\n\t\t\t\t\t\t\t<div class=\"elementor-row\">\n\t\t\t\t\t<div class=\"has_eae_slider elementor-column elementor-col-100 elementor-top-column elementor-element elementor-element-14875bb\" data-id=\"14875bb\" data-element_type=\"column\">\n\t\t\t<div class=\"elementor-column-wrap\">\n\t\t\t\t\t\t\t<div class=\"elementor-widget-wrap\">\n\t\t\t\t\t\t\t\t<\/div>\n\t\t\t\t\t<\/div>\n\t\t<\/div>\n\t\t\t\t\t\t\t\t<\/div>\n\t\t\t\t\t<\/div>\n\t\t<\/section>\n\t\t\t\t<section class=\"has_eae_slider elementor-section elementor-top-section elementor-element elementor-element-bb10e70 elementor-section-stretched elementor-section-boxed elementor-section-height-default elementor-section-height-default\" data-id=\"bb10e70\" data-element_type=\"section\" data-settings=\"{&quot;stretch_section&quot;:&quot;section-stretched&quot;}\">\n\t\t\t\t\t\t<div class=\"elementor-container elementor-column-gap-default\">\n\t\t\t\t\t\t\t<div class=\"elementor-row\">\n\t\t\t\t\t<div class=\"has_eae_slider elementor-column elementor-col-100 elementor-top-column elementor-element elementor-element-7750624\" data-id=\"7750624\" data-element_type=\"column\">\n\t\t\t<div class=\"elementor-column-wrap elementor-element-populated\">\n\t\t\t\t\t\t\t<div class=\"elementor-widget-wrap\">\n\t\t\t\t\t\t<div class=\"elementor-element elementor-element-ea0f2e4 elementor-widget-divider--view-line elementor-widget elementor-widget-divider\" data-id=\"ea0f2e4\" data-element_type=\"widget\" data-widget_type=\"divider.default\">\n\t\t\t\t<div class=\"elementor-widget-container\">\n\t\t\t\t\t<div class=\"elementor-divider\">\n\t\t\t<span class=\"elementor-divider-separator\">\n\t\t\t\t\t\t<\/span>\n\t\t<\/div>\n\t\t\t\t<\/div>\n\t\t\t\t<\/div>\n\t\t\t\t\t\t<\/div>\n\t\t\t\t\t<\/div>\n\t\t<\/div>\n\t\t\t\t\t\t\t\t<\/div>\n\t\t\t\t\t<\/div>\n\t\t<\/section>\n\t\t\t\t<section class=\"has_eae_slider elementor-section elementor-top-section elementor-element elementor-element-16ed5b7 elementor-section-stretched elementor-section-boxed elementor-section-height-default elementor-section-height-default\" data-id=\"16ed5b7\" data-element_type=\"section\" data-settings=\"{&quot;stretch_section&quot;:&quot;section-stretched&quot;}\">\n\t\t\t\t\t\t<div class=\"elementor-container elementor-column-gap-default\">\n\t\t\t\t\t\t\t<div class=\"elementor-row\">\n\t\t\t\t\t<div class=\"has_eae_slider elementor-column elementor-col-50 elementor-top-column elementor-element elementor-element-2d5bd7a\" data-id=\"2d5bd7a\" data-element_type=\"column\">\n\t\t\t<div class=\"elementor-column-wrap elementor-element-populated\">\n\t\t\t\t\t\t\t<div class=\"elementor-widget-wrap\">\n\t\t\t\t\t\t<div class=\"elementor-element elementor-element-5e594e1 elementor-widget elementor-widget-image\" data-id=\"5e594e1\" data-element_type=\"widget\" data-widget_type=\"image.default\">\n\t\t\t\t<div class=\"elementor-widget-container\">\n\t\t\t\t\t\t\t\t<div class=\"elementor-image\">\n\t\t\t\t\t\t\t\t\t\t\t\t<img decoding=\"async\" width=\"730\" height=\"1024\" src=\"https:\/\/www.dansifuentes.com\/wp-content\/uploads\/2020\/02\/86459009_3698902143483722_4659123489830076416_o-730x1024.jpg\" class=\"attachment-large size-large wp-image-2156\" alt=\"\" loading=\"lazy\" srcset=\"https:\/\/www.dansifuentes.com\/wp-content\/uploads\/2020\/02\/86459009_3698902143483722_4659123489830076416_o-730x1024.jpg 730w, https:\/\/www.dansifuentes.com\/wp-content\/uploads\/2020\/02\/86459009_3698902143483722_4659123489830076416_o-214x300.jpg 214w, https:\/\/www.dansifuentes.com\/wp-content\/uploads\/2020\/02\/86459009_3698902143483722_4659123489830076416_o-768x1077.jpg 768w, https:\/\/www.dansifuentes.com\/wp-content\/uploads\/2020\/02\/86459009_3698902143483722_4659123489830076416_o.jpg 913w\" sizes=\"(max-width: 730px) 100vw, 730px\" \/>\t\t\t\t\t\t\t\t\t\t\t\t\t\t<\/div>\n\t\t\t\t\t\t<\/div>\n\t\t\t\t<\/div>\n\t\t\t\t\t\t<\/div>\n\t\t\t\t\t<\/div>\n\t\t<\/div>\n\t\t\t\t<div class=\"has_eae_slider elementor-column elementor-col-50 elementor-top-column elementor-element elementor-element-f2b02c3\" data-id=\"f2b02c3\" data-element_type=\"column\">\n\t\t\t<div class=\"elementor-column-wrap elementor-element-populated\">\n\t\t\t\t\t\t\t<div class=\"elementor-widget-wrap\">\n\t\t\t\t\t\t<div class=\"elementor-element elementor-element-27312a2 elementor-widget elementor-widget-heading\" data-id=\"27312a2\" data-element_type=\"widget\" data-widget_type=\"heading.default\">\n\t\t\t\t<div class=\"elementor-widget-container\">\n\t\t\t<h1 class=\"elementor-heading-title elementor-size-default\">In M\u00e9xico<\/h1>\t\t<\/div>\n\t\t\t\t<\/div>\n\t\t\t\t<div class=\"elementor-element elementor-element-a214815 elementor-widget-divider--view-line elementor-widget elementor-widget-divider\" data-id=\"a214815\" data-element_type=\"widget\" data-widget_type=\"divider.default\">\n\t\t\t\t<div class=\"elementor-widget-container\">\n\t\t\t\t\t<div class=\"elementor-divider\">\n\t\t\t<span class=\"elementor-divider-separator\">\n\t\t\t\t\t\t<\/span>\n\t\t<\/div>\n\t\t\t\t<\/div>\n\t\t\t\t<\/div>\n\t\t\t\t<div class=\"elementor-element elementor-element-b4902ac elementor-widget elementor-widget-text-editor\" data-id=\"b4902ac\" data-element_type=\"widget\" data-widget_type=\"text-editor.default\">\n\t\t\t\t<div class=\"elementor-widget-container\">\n\t\t\t\t\t\t\t\t<div class=\"elementor-text-editor elementor-clearfix\">\n\t\t\t\t<p>\u00a0<\/p><p>\u00a0<\/p><p>\u2014- You are strong, you will overcome any obstacle! \u2014-<\/p><p>Techniques and tools seminar to find a sense of life and motivation in this difficult stage of life.<\/p><p>\u00a0<\/p><p><img decoding=\"async\" loading=\"lazy\" src=\"https:\/\/www.dansifuentes.com\/wp-content\/uploads\/2020\/01\/8768-150x150.png\" alt=\"\" width=\"31\" height=\"31\" \/>Centro interactivo del conocimiento XIMHAI. Av. Juan Jos\u00e9 Torres Landa, Baj\u00edo de las am\u00e9ricas. Celaya, Gto. CP. 38014<\/p><p>\u00a0<\/p><p>Horario:\u00a0 21 Feb. 5PM a 8PM<\/p><p>\u00a0<\/p><p>TICKETS HERE:\u00a0<\/p><p><a style=\"background-color: #ffffff;\" href=\"https:\/\/www.eventbrite.com.mx\/e\/eres-fuerte-superaras-cualquier-obstaculo-tickets-94317132081\">https:\/\/www.eventbrite.com.mx\/e\/eres-fuerte-superaras-cualquier-obstaculo-tickets-94317132081<\/a><\/p><p>\u00a0<\/p>\t\t\t\t\t<\/div>\n\t\t\t\t\t\t<\/div>\n\t\t\t\t<\/div>\n\t\t\t\t\t\t<\/div>\n\t\t\t\t\t<\/div>\n\t\t<\/div>\n\t\t\t\t\t\t\t\t<\/div>\n\t\t\t\t\t<\/div>\n\t\t<\/section>\n\t\t\t\t<section class=\"has_eae_slider elementor-section elementor-top-section elementor-element elementor-element-a27f394 elementor-section-boxed elementor-section-height-default elementor-section-height-default\" data-id=\"a27f394\" data-element_type=\"section\">\n\t\t\t\t\t\t<div class=\"elementor-container elementor-column-gap-default\">\n\t\t\t\t\t\t\t<div class=\"elementor-row\">\n\t\t\t\t\t<div class=\"has_eae_slider elementor-column elementor-col-50 elementor-top-column elementor-element elementor-element-a2499c4\" data-id=\"a2499c4\" data-element_type=\"column\">\n\t\t\t<div class=\"elementor-column-wrap elementor-element-populated\">\n\t\t\t\t\t\t\t<div class=\"elementor-widget-wrap\">\n\t\t\t\t\t\t<div class=\"elementor-element elementor-element-69c1dc3 elementor-widget elementor-widget-image\" data-id=\"69c1dc3\" data-element_type=\"widget\" data-widget_type=\"image.default\">\n\t\t\t\t<div class=\"elementor-widget-container\">\n\t\t\t\t\t\t\t\t<div class=\"elementor-image\">\n\t\t\t\t\t\t\t\t\t\t\t\t<img decoding=\"async\" width=\"800\" height=\"800\" src=\"https:\/\/www.dansifuentes.com\/wp-content\/uploads\/2020\/02\/86388242_3698911526816117_974557701851840512_n.png\" class=\"attachment-large size-large wp-image-2157\" alt=\"\" loading=\"lazy\" srcset=\"https:\/\/www.dansifuentes.com\/wp-content\/uploads\/2020\/02\/86388242_3698911526816117_974557701851840512_n.png 800w, https:\/\/www.dansifuentes.com\/wp-content\/uploads\/2020\/02\/86388242_3698911526816117_974557701851840512_n-300x300.png 300w, https:\/\/www.dansifuentes.com\/wp-content\/uploads\/2020\/02\/86388242_3698911526816117_974557701851840512_n-150x150.png 150w, https:\/\/www.dansifuentes.com\/wp-content\/uploads\/2020\/02\/86388242_3698911526816117_974557701851840512_n-768x768.png 768w\" sizes=\"(max-width: 800px) 100vw, 800px\" \/>\t\t\t\t\t\t\t\t\t\t\t\t\t\t<\/div>\n\t\t\t\t\t\t<\/div>\n\t\t\t\t<\/div>\n\t\t\t\t\t\t<\/div>\n\t\t\t\t\t<\/div>\n\t\t<\/div>\n\t\t\t\t<div class=\"has_eae_slider elementor-column elementor-col-50 elementor-top-column elementor-element elementor-element-9637620\" data-id=\"9637620\" data-element_type=\"column\">\n\t\t\t<div class=\"elementor-column-wrap elementor-element-populated\">\n\t\t\t\t\t\t\t<div class=\"elementor-widget-wrap\">\n\t\t\t\t\t\t<div class=\"elementor-element elementor-element-1bd063e elementor-widget elementor-widget-text-editor\" data-id=\"1bd063e\" data-element_type=\"widget\" data-widget_type=\"text-editor.default\">\n\t\t\t\t<div class=\"elementor-widget-container\">\n\t\t\t\t\t\t\t\t<div class=\"elementor-text-editor elementor-clearfix\">\n\t\t\t\t<p style=\"color: #000000; font-family: Arial, sans-serif; font-size: 17px; text-align: center;\">\u2014- Give up bad habits and LIVE IN A SUCCESSFUL WAY! \u2014-<\/p><p style=\"color: #000000; font-family: Arial, sans-serif; font-size: 17px; text-align: center;\">A seminar of motivation, inspiration, tools and techniques to help you live without limits!<br \/>Attend our event, I will help you.<\/p><p style=\"color: #000000; font-family: Arial, sans-serif; font-size: 17px; text-align: center;\">\u00a0<\/p><p style=\"color: #000000; font-family: Arial, sans-serif; font-size: 17px; text-align: center;\">\u00a0<\/p><p style=\"color: #000000; font-family: Arial, sans-serif; font-size: 17px; text-align: center;\"><img decoding=\"async\" loading=\"lazy\" class=\"alignleft wp-image-2135\" src=\"https:\/\/www.dansifuentes.com\/wp-content\/uploads\/2020\/01\/8768-150x150.png\" alt=\"\" width=\"31\" height=\"31\" srcset=\"https:\/\/www.dansifuentes.com\/wp-content\/uploads\/2020\/01\/8768-150x150.png 150w, https:\/\/www.dansifuentes.com\/wp-content\/uploads\/2020\/01\/8768-300x300.png 300w, https:\/\/www.dansifuentes.com\/wp-content\/uploads\/2020\/01\/8768.png 512w\" sizes=\"(max-width: 31px) 100vw, 31px\" \/>Salon de eventos Villagrand. Sonora 18 San J\u00f3se de los Olvera Corregidora Qro. Esq. Constituyentes CP. 76902<\/p><p style=\"color: #000000; font-family: Arial, sans-serif; font-size: 17px; text-align: center;\">\u00a0<\/p><p style=\"color: #000000; font-family: Arial, sans-serif; font-size: 17px; text-align: center;\">Horario:\u00a0 22 Feb. 8AM a 4PM<\/p><p style=\"color: #000000; font-family: Arial, sans-serif; font-size: 17px; text-align: center;\">TICKETS HERE:<\/p><p style=\"color: #000000; font-family: Arial, sans-serif; font-size: 17px; text-align: center;\"><a href=\"https:\/\/www.eventbrite.com.mx\/e\/abandona-los-malos-habitos-y-vive-de-manera-exitosa-tickets-92312793049\">https:\/\/www.eventbrite.com.mx\/e\/abandona-los-malos-habitos-y-vive-de-manera-exitosa-tickets-92312793049<\/a><\/p>\t\t\t\t\t<\/div>\n\t\t\t\t\t\t<\/div>\n\t\t\t\t<\/div>\n\t\t\t\t\t\t<\/div>\n\t\t\t\t\t<\/div>\n\t\t<\/div>\n\t\t\t\t\t\t\t\t<\/div>\n\t\t\t\t\t<\/div>\n\t\t<\/section>\n\t\t\t\t<section class=\"has_eae_slider elementor-section elementor-top-section elementor-element elementor-element-ff18939 elementor-section-boxed elementor-section-height-default elementor-section-height-default\" data-id=\"ff18939\" data-element_type=\"section\">\n\t\t\t\t\t\t<div class=\"elementor-container elementor-column-gap-default\">\n\t\t\t\t\t\t\t<div class=\"elementor-row\">\n\t\t\t\t\t<div class=\"has_eae_slider elementor-column elementor-col-50 elementor-top-column elementor-element elementor-element-89ff895\" data-id=\"89ff895\" data-element_type=\"column\">\n\t\t\t<div class=\"elementor-column-wrap elementor-element-populated\">\n\t\t\t\t\t\t\t<div class=\"elementor-widget-wrap\">\n\t\t\t\t\t\t<div class=\"elementor-element elementor-element-b9d19ce elementor-widget elementor-widget-image\" data-id=\"b9d19ce\" data-element_type=\"widget\" data-widget_type=\"image.default\">\n\t\t\t\t<div class=\"elementor-widget-container\">\n\t\t\t\t\t\t\t\t<div class=\"elementor-image\">\n\t\t\t\t\t\t\t\t\t\t\t\t<img decoding=\"async\" width=\"731\" height=\"1024\" src=\"https:\/\/www.dansifuentes.com\/wp-content\/uploads\/2020\/02\/86848843_3698909836816286_48421774827716608_o-731x1024.png\" class=\"attachment-large size-large wp-image-2158\" alt=\"\" loading=\"lazy\" srcset=\"https:\/\/www.dansifuentes.com\/wp-content\/uploads\/2020\/02\/86848843_3698909836816286_48421774827716608_o-731x1024.png 731w, https:\/\/www.dansifuentes.com\/wp-content\/uploads\/2020\/02\/86848843_3698909836816286_48421774827716608_o-214x300.png 214w, https:\/\/www.dansifuentes.com\/wp-content\/uploads\/2020\/02\/86848843_3698909836816286_48421774827716608_o-768x1076.png 768w, https:\/\/www.dansifuentes.com\/wp-content\/uploads\/2020\/02\/86848843_3698909836816286_48421774827716608_o-1097x1536.png 1097w, https:\/\/www.dansifuentes.com\/wp-content\/uploads\/2020\/02\/86848843_3698909836816286_48421774827716608_o.png 1428w\" sizes=\"(max-width: 731px) 100vw, 731px\" \/>\t\t\t\t\t\t\t\t\t\t\t\t\t\t<\/div>\n\t\t\t\t\t\t<\/div>\n\t\t\t\t<\/div>\n\t\t\t\t\t\t<\/div>\n\t\t\t\t\t<\/div>\n\t\t<\/div>\n\t\t\t\t<div class=\"has_eae_slider elementor-column elementor-col-50 elementor-top-column elementor-element elementor-element-8ca2a67\" data-id=\"8ca2a67\" data-element_type=\"column\">\n\t\t\t<div class=\"elementor-column-wrap elementor-element-populated\">\n\t\t\t\t\t\t\t<div class=\"elementor-widget-wrap\">\n\t\t\t\t\t\t<div class=\"elementor-element elementor-element-bf0cd45 elementor-widget elementor-widget-text-editor\" data-id=\"bf0cd45\" data-element_type=\"widget\" data-widget_type=\"text-editor.default\">\n\t\t\t\t<div class=\"elementor-widget-container\">\n\t\t\t\t\t\t\t\t<div class=\"elementor-text-editor elementor-clearfix\">\n\t\t\t\t<p style=\"color: #000000; font-family: Arial, sans-serif; font-size: 17px; text-align: center;\">\u00a0<\/p><p style=\"color: #000000; font-family: Arial, sans-serif; font-size: 17px; text-align: center;\">\u00a0<\/p><p style=\"color: #000000; font-family: Arial, sans-serif; font-size: 17px; text-align: center;\">\u2014- You are strong, you will overcome any obstacle! \u2014-<\/p><p style=\"color: #000000; font-family: Arial, sans-serif; font-size: 17px; text-align: center;\">Techniques and tools seminar to find a sense of life and motivation in this difficult stage of life.<\/p><p style=\"color: #000000; font-family: Arial, sans-serif; font-size: 17px; text-align: center;\">\u00a0<\/p><p style=\"color: #000000; font-family: Arial, sans-serif; font-size: 17px; text-align: center;\"><img decoding=\"async\" loading=\"lazy\" src=\"https:\/\/www.dansifuentes.com\/wp-content\/uploads\/2020\/01\/8768-150x150.png\" alt=\"\" width=\"31\" height=\"31\" \/>Salon de eventos Villagrand. Sonora 18 San J\u00f3se de los Olvera Corregidora Qro. Esq. Constituyentes CP. 76902<\/p><p style=\"color: #000000; font-family: Arial, sans-serif; font-size: 17px; text-align: center;\">\u00a0<\/p><p style=\"color: #000000; font-family: Arial, sans-serif; font-size: 17px; text-align: center;\">Horario:\u00a0 23 Feb. 9AM a 12PM<\/p><p style=\"color: #000000; font-family: Arial, sans-serif; font-size: 17px; text-align: center;\">\u00a0<\/p><p style=\"color: #000000; font-family: Arial, sans-serif; font-size: 17px; text-align: center;\">TICKETS HERE:<\/p><p style=\"color: #000000; font-family: Arial, sans-serif; font-size: 17px; text-align: center;\"><a href=\"https:\/\/www.eventbrite.com.mx\/e\/eres-fuerte-superaras-cualquier-obstaculo-tickets-93344757683\">https:\/\/www.eventbrite.com.mx\/e\/eres-fuerte-superaras-cualquier-obstaculo-tickets-93344757683<\/a><\/p><p style=\"color: #000000; font-family: Arial, sans-serif; font-size: 17px; text-align: center;\">\u00a0<\/p>\t\t\t\t\t<\/div>\n\t\t\t\t\t\t<\/div>\n\t\t\t\t<\/div>\n\t\t\t\t\t\t<\/div>\n\t\t\t\t\t<\/div>\n\t\t<\/div>\n\t\t\t\t\t\t\t\t<\/div>\n\t\t\t\t\t<\/div>\n\t\t<\/section>\n\t\t\t\t\t\t\t\t\t<\/div>\n\t\t\t<\/div>\n\t\t\t\t\t<\/div>","protected":false},"excerpt":{"rendered":"<p>EVENTOS En M\u00e9xico \u00a0 \u00a0 &#8212;-Eres fuerte \u00a1Superar\u00e1s cualquier obst\u00e1culo!&#8212;- Seminario de tecnicas y herramientas para encontrar un sentido de vida y motivaci\u00f3n en esta etapa de vida tan dificil. \u00a0 Centro interactivo del conocimiento XIMHAI. Av. Juan Jos\u00e9 Torres Landa, Baj\u00edo de las am\u00e9ricas. Celaya, Gto. CP. 38014 \u00a0 Horario:\u00a0 21 Feb. 5PM a [&hellip;]<\/p>","protected":false},"author":1,"featured_media":0,"parent":0,"menu_order":0,"comment_status":"closed","ping_status":"closed","template":"","meta":[],"yoast_head":"<!-- This site is optimized with the Yoast SEO plugin v20.1 - https:\/\/yoast.com\/wordpress\/plugins\/seo\/ -->\n<title>Eventos - DAN SIFUENTES<\/title>\n<meta name=\"robots\" content=\"index, follow, max-snippet:-1, max-image-preview:large, max-video-preview:-1\" \/>\n<link rel=\"canonical\" href=\"https:\/\/www.dansifuentes.com\/en\/events\/\" \/>\n<meta property=\"og:locale\" content=\"en_US\" \/>\n<meta property=\"og:type\" content=\"article\" \/>\n<meta property=\"og:title\" content=\"Eventos - DAN SIFUENTES\" \/>\n<meta property=\"og:description\" content=\"EVENTOS En M\u00e9xico \u00a0 \u00a0 &#8212;-Eres fuerte \u00a1Superar\u00e1s cualquier obst\u00e1culo!&#8212;- Seminario de tecnicas y herramientas para encontrar un sentido de vida y motivaci\u00f3n en esta etapa de vida tan dificil. \u00a0 Centro interactivo del conocimiento XIMHAI. Av. Juan Jos\u00e9 Torres Landa, Baj\u00edo de las am\u00e9ricas. Celaya, Gto. CP. 38014 \u00a0 Horario:\u00a0 21 Feb. 5PM a [&hellip;]\" \/>\n<meta property=\"og:url\" content=\"https:\/\/www.dansifuentes.com\/en\/events\/\" \/>\n<meta property=\"og:site_name\" content=\"DAN SIFUENTES\" \/>\n<meta property=\"article:publisher\" content=\"https:\/\/www.facebook.com\/DanSifuentesOficial\" \/>\n<meta property=\"article:modified_time\" content=\"2020-02-18T06:49:00+00:00\" \/>\n<meta property=\"og:image\" content=\"https:\/\/www.dansifuentes.com\/wp-content\/uploads\/2020\/02\/86459009_3698902143483722_4659123489830076416_o-730x1024.jpg\" \/>\n<meta name=\"twitter:card\" content=\"summary_large_image\" \/>\n<meta name=\"twitter:site\" content=\"@LimiteYo\" \/>\n<meta name=\"twitter:label1\" content=\"Est. reading time\" \/>\n\t<meta name=\"twitter:data1\" content=\"1 minute\" \/>\n<script type=\"application\/ld+json\" class=\"yoast-schema-graph\">{\"@context\":\"https:\/\/schema.org\",\"@graph\":[{\"@type\":\"WebPage\",\"@id\":\"https:\/\/www.dansifuentes.com\/events\/\",\"url\":\"https:\/\/www.dansifuentes.com\/events\/\",\"name\":\"Eventos - DAN SIFUENTES\",\"isPartOf\":{\"@id\":\"https:\/\/www.dansifuentes.com\/#website\"},\"datePublished\":\"2016-11-19T01:12:12+00:00\",\"dateModified\":\"2020-02-18T06:49:00+00:00\",\"breadcrumb\":{\"@id\":\"https:\/\/www.dansifuentes.com\/events\/#breadcrumb\"},\"inLanguage\":\"en-US\",\"potentialAction\":[{\"@type\":\"ReadAction\",\"target\":[\"https:\/\/www.dansifuentes.com\/events\/\"]}]},{\"@type\":\"BreadcrumbList\",\"@id\":\"https:\/\/www.dansifuentes.com\/events\/#breadcrumb\",\"itemListElement\":[{\"@type\":\"ListItem\",\"position\":1,\"name\":\"Home\",\"item\":\"https:\/\/www.dansifuentes.com\/\"},{\"@type\":\"ListItem\",\"position\":2,\"name\":\"Eventos\"}]},{\"@type\":\"WebSite\",\"@id\":\"https:\/\/www.dansifuentes.com\/#website\",\"url\":\"https:\/\/www.dansifuentes.com\/\",\"name\":\"DAN SIFUENTES\",\"description\":\"Motivador Profesional\",\"publisher\":{\"@id\":\"https:\/\/www.dansifuentes.com\/#organization\"},\"potentialAction\":[{\"@type\":\"SearchAction\",\"target\":{\"@type\":\"EntryPoint\",\"urlTemplate\":\"https:\/\/www.dansifuentes.com\/?s={search_term_string}\"},\"query-input\":\"required name=search_term_string\"}],\"inLanguage\":\"en-US\"},{\"@type\":\"Organization\",\"@id\":\"https:\/\/www.dansifuentes.com\/#organization\",\"name\":\"DAN SIFUENTES\",\"url\":\"https:\/\/www.dansifuentes.com\/\",\"logo\":{\"@type\":\"ImageObject\",\"inLanguage\":\"en-US\",\"@id\":\"https:\/\/www.dansifuentes.com\/#\/schema\/logo\/image\/\",\"url\":\"https:\/\/www.dansifuentes.com\/wp-content\/uploads\/2021\/08\/DAN123.png\",\"contentUrl\":\"https:\/\/www.dansifuentes.com\/wp-content\/uploads\/2021\/08\/DAN123.png\",\"width\":1080,\"height\":1080,\"caption\":\"DAN SIFUENTES\"},\"image\":{\"@id\":\"https:\/\/www.dansifuentes.com\/#\/schema\/logo\/image\/\"},\"sameAs\":[\"https:\/\/www.facebook.com\/DanSifuentesOficial\",\"https:\/\/twitter.com\/LimiteYo\",\"https:\/\/www.tiktok.com\/@dansifuentes1\",\"https:\/\/www.youtube.com\/@dansifuentesoficial9329\",\"https:\/\/www.linkedin.com\/in\/dan-sifuentes-11306b13\/recent-activity\/\",\"https:\/\/www.instagram.com\/dansifuentes1\/\"]}]}<\/script>\n<!-- \/ Yoast SEO plugin. -->","yoast_head_json":{"title":"Eventos - DAN SIFUENTES","robots":{"index":"index","follow":"follow","max-snippet":"max-snippet:-1","max-image-preview":"max-image-preview:large","max-video-preview":"max-video-preview:-1"},"canonical":"https:\/\/www.dansifuentes.com\/en\/events\/","og_locale":"en_US","og_type":"article","og_title":"Eventos - DAN SIFUENTES","og_description":"EVENTOS En M\u00e9xico \u00a0 \u00a0 &#8212;-Eres fuerte \u00a1Superar\u00e1s cualquier obst\u00e1culo!&#8212;- Seminario de tecnicas y herramientas para encontrar un sentido de vida y motivaci\u00f3n en esta etapa de vida tan dificil. \u00a0 Centro interactivo del conocimiento XIMHAI. Av. Juan Jos\u00e9 Torres Landa, Baj\u00edo de las am\u00e9ricas. Celaya, Gto. CP. 38014 \u00a0 Horario:\u00a0 21 Feb. 5PM a [&hellip;]","og_url":"https:\/\/www.dansifuentes.com\/en\/events\/","og_site_name":"DAN SIFUENTES","article_publisher":"https:\/\/www.facebook.com\/DanSifuentesOficial","article_modified_time":"2020-02-18T06:49:00+00:00","og_image":[{"url":"https:\/\/www.dansifuentes.com\/wp-content\/uploads\/2020\/02\/86459009_3698902143483722_4659123489830076416_o-730x1024.jpg"}],"twitter_card":"summary_large_image","twitter_site":"@LimiteYo","twitter_misc":{"Est. reading time":"1 minute"},"schema":{"@context":"https:\/\/schema.org","@graph":[{"@type":"WebPage","@id":"https:\/\/www.dansifuentes.com\/events\/","url":"https:\/\/www.dansifuentes.com\/events\/","name":"Eventos - DAN SIFUENTES","isPartOf":{"@id":"https:\/\/www.dansifuentes.com\/#website"},"datePublished":"2016-11-19T01:12:12+00:00","dateModified":"2020-02-18T06:49:00+00:00","breadcrumb":{"@id":"https:\/\/www.dansifuentes.com\/events\/#breadcrumb"},"inLanguage":"en-US","potentialAction":[{"@type":"ReadAction","target":["https:\/\/www.dansifuentes.com\/events\/"]}]},{"@type":"BreadcrumbList","@id":"https:\/\/www.dansifuentes.com\/events\/#breadcrumb","itemListElement":[{"@type":"ListItem","position":1,"name":"Home","item":"https:\/\/www.dansifuentes.com\/"},{"@type":"ListItem","position":2,"name":"Eventos"}]},{"@type":"WebSite","@id":"https:\/\/www.dansifuentes.com\/#website","url":"https:\/\/www.dansifuentes.com\/","name":"DAN SIFUENTES","description":"Motivador Profesional","publisher":{"@id":"https:\/\/www.dansifuentes.com\/#organization"},"potentialAction":[{"@type":"SearchAction","target":{"@type":"EntryPoint","urlTemplate":"https:\/\/www.dansifuentes.com\/?s={search_term_string}"},"query-input":"required name=search_term_string"}],"inLanguage":"en-US"},{"@type":"Organization","@id":"https:\/\/www.dansifuentes.com\/#organization","name":"DAN SIFUENTES","url":"https:\/\/www.dansifuentes.com\/","logo":{"@type":"ImageObject","inLanguage":"en-US","@id":"https:\/\/www.dansifuentes.com\/#\/schema\/logo\/image\/","url":"https:\/\/www.dansifuentes.com\/wp-content\/uploads\/2021\/08\/DAN123.png","contentUrl":"https:\/\/www.dansifuentes.com\/wp-content\/uploads\/2021\/08\/DAN123.png","width":1080,"height":1080,"caption":"DAN SIFUENTES"},"image":{"@id":"https:\/\/www.dansifuentes.com\/#\/schema\/logo\/image\/"},"sameAs":["https:\/\/www.facebook.com\/DanSifuentesOficial","https:\/\/twitter.com\/LimiteYo","https:\/\/www.tiktok.com\/@dansifuentes1","https:\/\/www.youtube.com\/@dansifuentesoficial9329","https:\/\/www.linkedin.com\/in\/dan-sifuentes-11306b13\/recent-activity\/","https:\/\/www.instagram.com\/dansifuentes1\/"]}]}},"_links":{"self":[{"href":"https:\/\/www.dansifuentes.com\/en\/wp-json\/wp\/v2\/pages\/409"}],"collection":[{"href":"https:\/\/www.dansifuentes.com\/en\/wp-json\/wp\/v2\/pages"}],"about":[{"href":"https:\/\/www.dansifuentes.com\/en\/wp-json\/wp\/v2\/types\/page"}],"author":[{"embeddable":true,"href":"https:\/\/www.dansifuentes.com\/en\/wp-json\/wp\/v2\/users\/1"}],"replies":[{"embeddable":true,"href":"https:\/\/www.dansifuentes.com\/en\/wp-json\/wp\/v2\/comments?post=409"}],"version-history":[{"count":68,"href":"https:\/\/www.dansifuentes.com\/en\/wp-json\/wp\/v2\/pages\/409\/revisions"}],"predecessor-version":[{"id":2159,"href":"https:\/\/www.dansifuentes.com\/en\/wp-json\/wp\/v2\/pages\/409\/revisions\/2159"}],"wp:attachment":[{"href":"https:\/\/www.dansifuentes.com\/en\/wp-json\/wp\/v2\/media?parent=409"}],"curies":[{"name":"wp","href":"https:\/\/api.w.org\/{rel}","templated":true}]}}